{"id":219,"date":"2016-09-11T15:14:19","date_gmt":"2016-09-11T14:14:19","guid":{"rendered":"http:\/\/www.franziskaruprecht.de\/?page_id=219"},"modified":"2025-10-11T14:19:37","modified_gmt":"2025-10-11T13:19:37","slug":"poetry","status":"publish","type":"page","link":"https:\/\/www.franziskaruprecht.de\/en\/poetry\/","title":{"rendered":"Poetry"},"content":{"rendered":"<p>Live clips of me performing my poetry are on my <a href=\"https:\/\/www.youtube.com\/playlist?list=PL_yeTjAupemegpVVhqIAauGkMEykSfHMe\" rel=\"noopener noreferrer\" target=\"_blank\">YouTube playlist<\/a>!<\/p>\n<h2>Publications<\/h2>\n<p><a href=\"https:\/\/i0.wp.com\/www.franziskaruprecht.de\/wp-content\/uploads\/2019\/11\/RespectCover.jpg?ssl=1\"><img data-recalc-dims=\"1\" loading=\"lazy\" decoding=\"async\" src=\"https:\/\/i0.wp.com\/www.franziskaruprecht.de\/wp-content\/uploads\/2019\/11\/RespectCover.jpg?resize=640%2C960&#038;ssl=1\" alt=\"\" width=\"640\" height=\"960\" class=\"aligncenter size-full wp-image-4376\" srcset=\"https:\/\/i0.wp.com\/www.franziskaruprecht.de\/wp-content\/uploads\/2019\/11\/RespectCover.jpg?w=640&amp;ssl=1 640w, https:\/\/i0.wp.com\/www.franziskaruprecht.de\/wp-content\/uploads\/2019\/11\/RespectCover.jpg?resize=200%2C300&amp;ssl=1 200w, https:\/\/i0.wp.com\/www.franziskaruprecht.de\/wp-content\/uploads\/2019\/11\/RespectCover.jpg?resize=600%2C900&amp;ssl=1 600w\" sizes=\"auto, (max-width: 640px) 100vw, 640px\" \/><\/a><\/p>\n<h3>January 2020<\/h3>\n<p>Poem \u201cDetroit&#8221; in <a href=\"https:\/\/msupress.org\/9781611863369\/respect\/\" rel=\"noopener noreferrer\" target=\"_blank\">RESPECT \u2013 THE POETRY OF DETROIT MUSIC<\/a>, anthology, Eds. Jim Daniels and M.L. Liebler, Michigan State University Press, Detroit. The book features (among others) lyrics by Eminem and Jack White of the White Stripes <\/p>\n<h3>February 2019<\/h3>\n<p>Poem &#8220;Winter&#8221; as The Poem of the Week, Ed. Mark Olival-Bartley, Munich<\/p>\n<h3>December 2018<\/h3>\n<p><a href=\"https:\/\/www.franziskaruprecht.de\/books\/\" rel=\"noopener\" target=\"_blank\">\u201cBODY TAG&#8221;<\/a>, book of poems, english, 188 pages, soft cover, Books on Demand, Norderstedt <\/p>\n<h3>December 2018<\/h3>\n<p>Poem \u201cParticles&#8221; in Science meets Fiction, anthology, Ed. Aura Heydenreich and Klaus Mecke, homunculus Verlag, Erlangen<\/p>\n<h3>March 2018<\/h3>\n<p>Poem \u201cWarum&#8221; in anthology online, <a href=\"https:\/\/dasgedichtblog.de\/religion-und-lyrik-folge-62-warum\/2018\/03\/22\/\" rel=\"noopener\" target=\"_blank\">Das Gedicht Blog<\/a>, about &#8220;Religion and Poetry&#8221;, Ed. Anton G.Leitner and Jos\u00e9 F.A.Oliver, We\u00dfling<\/p>\n<h3>August 2017<\/h3>\n<p>Poem \u201cSprechgesang auf M\u00fcnchen&#8221; in &#8220;Acht Kurzgeschichten &#8211; Kunst im Viehhof&#8221;, Ed. A.U.G.E., supported by the department of culture of Munich <\/p>\n<h3>April 2017<\/h3>\n<p>Poem \u201cSaving Water, and stuff&#8221; in Wayne Literary Review 2017, Eds. Megha Krishnan, Natalie Steenbergh, Wayne State University Press, Detroit, USA <\/p>\n<h3>January 2017<\/h3>\n<p>Poems \u201cUntil Silence&#8221;, \u201cBody Tag&#8221;, \u201cDrowning&#8221; and \u201cWhyamIapoet&#8221; in <a href=\"http:\/\/otherroomspress.blogspot.com\/2017\/01\/franziska-ruprecht.html\" rel=\"noopener\" target=\"_blank\">Open Resistance<\/a> &#8211; Issue Seven, Ed. Other Rooms Press, Greenpoint Brooklyn, New York, USA<\/p>\n<h3>October 2016<\/h3>\n<p>Poem \u201cBild&#8221; in &#8220;Anthologie Ausgew\u00e4hlte Werke XIX&#8221;, Ed. Bibliothek deutschsprachiger Gedichte, Realis Verlag, Gr\u00e4felfing<\/p>\n<h3>October 2016<\/h3>\n<p>Poems \u201cElfe&#8221;, \u201cHeldin&#8221; and \u201cMoney&#8221; in <a href=\"https:\/\/www.schamrock.org\/poets\/Ruprecht.html\" rel=\"noopener\" target=\"_blank\">Schamrock online anthology<\/a> on the occasion of my performances at the 3.International Festival of Women Poets, Ed. Augusta Laar, Munich<\/p>\n<h3>Oktober 2016<\/h3>\n<p>Poems \u201cDuet on a Rope&#8221;, \u201cDelicate Strings&#8221;, and \u201c\u201cBoy you turn me&#8221;&#8221;<br \/>\nin <a href=\"http:\/\/otherroomspress.blogspot.de\/2016\/10\/franziska-ruprecht.html\" target=\"_blank\" rel=\"noopener noreferrer\">Occasional Roughage<\/a>, Issue Nr.14, Eds. Michael Whalen and Ed Go, Other Rooms Press, Greenpoint Brooklyn, New York, USA<\/p>\n<h3>April 2016<\/h3>\n<p>Poem \u201cHow Nancy grew into a man.&#8221; in anthology<br \/>\ndi-v\u00ears\u00e9-city, Ed. Austin Poets International, Texas, USA<\/p>\n<h3>March 2016<\/h3>\n<p>Poem and song \u201cMeer-Maid&#8221; on <a href=\"http:\/\/mermaidmania.de\/gedichte\/ruprecht_meer-maid.php\" target=\"_blank\" rel=\"noopener noreferrer\">mermaidmania.de<\/a>, the biggest German website about mermaids<\/p>\n<h3>February 2016<\/h3>\n<p>Poem <a href=\"https:\/\/www.franziskaruprecht.de\/wp-content\/uploads\/2024\/08\/HARTSandMindsConqueress.pdf\">HARTSandMindsConqueress<\/a> in <a href=\"https:\/\/www.franziskaruprecht.de\/wp-content\/uploads\/2024\/08\/HARTSandMindsEditorial-Issue-7-1Feb.pdf\">HARTS and Minds<\/a>, Bristol, UK<\/p>\n<h3>January 2016<\/h3>\n<p>2.Edition <a href=\"\/books\/\" rel=\"noopener noreferrer\" target=\"_blank\">\u201cMeer-Maid&#8221;<\/a>, book of poems, 140 pages, soft cover, Wolfbach Verlag, Zurich, Switzerland<\/p>\n<h3>July 2015<\/h3>\n<p>Poem <a href=\"https:\/\/www.franziskaruprecht.de\/wp-content\/uploads\/2024\/08\/bild-_-lyrikgarten.pdf\">&#8220;Bild&#8221;<\/a> online in Lyrikgarten by Anton G.Leitner, We\u00dfling <\/p>\n<h3>June 2015<\/h3>\n<p>Poem \u201cEs dauert.&#8221; in LiteraturSeiten M\u00fcnchen, Munich<\/p>\n<h3>March 2015<\/h3>\n<p>Poem \u201cEs geht nicht anders&#8221; in Haidhauser Nachrichten, Munich<\/p>\n<h3>January 2015<\/h3>\n<p><a href=\"\/books\/\" rel=\"noopener noreferrer\" target=\"_blank\">\u201cMeer-Maid&#8221;<\/a>, book of poems, 140 pages, soft cover, Wolfbach Verlag, Zurich, Switzerland<\/p>\n<h3>April 2014<\/h3>\n<p>Poem \u201cEs geht nicht anders&#8221; in Paul Klinger Report, Das Jubelheft!<\/p>\n<h3>October 2013<\/h3>\n<p>Songlyrics and poems \u201cUnterkatze\u201c and \u201cSprechgesang auf M\u00fcnchen&#8221; in Wendepunk.t, Zeitschrift f\u00fcr eine neue Zeit, Verlag Christoph D\u00fcrr, Munich<\/p>\n<h3>January 2013<\/h3>\n<p>Wendepunk.t, Zeitschrift f\u00fcr eine neue Zeit, Editor, Verlag Christoph D\u00fcrr, Munich <\/p>\n<h3>2008<\/h3>\n<p>Poem \u201cFamily Periodical&#8221;, shared authorship with other poets in Wayne State Literary Review, Ed. Joel Levise, Wayne State University Press, Detroit, USA<\/p>\n<h3>Winter 2006 <\/h3>\n<p>Poem \u201cSchillerfish\u201c (in German with English translation) in Wayne State Literary Review, Ed. Joel Levise, Wayne State University Press, Detroit, USA<\/p>\n<h3>December 2004<\/h3>\n<p>Poem \u201cDisco chanting\u201c (\u201eM\u00fcde von der K\u00fchle\u201c) and \u201cYo, Immanuel\u201c in anthology B\u00fchnenpoeten, Ed. Eduard Maier, Edition Glasperle, Karlsruhe<\/p>\n<h3>September 2004<\/h3>\n<p>Poem \u201cSprechgesang auf M\u00fcnchen\u201c in Anthology Planet Slam, Eds. Ko Bylanzky and Rayl Patzak, yedermann Verlag, Munich<\/p>\n<h3>September 2004<\/h3>\n<p>Poem \u201cFirewire\u201c in Anthology Vokalpatrioten, Ed. Lydia Daher, U-Boot Verlag, Augsburg<\/p>\n<h3>April 2004<\/h3>\n<p>Poems\/Songlyrics \u201cM\u00e4dchenfrau\u201c, \u201cHey Zucker\u201c, \u201cIch hab von nem Verst\u00e4rker getr\u00e4umt\u201c, \u201c!!!DIRTGRRRLS!!!\u201c, \u201cDisco Chanting\u201c, \u201cYo Immanuel\u201c, \u201cKitka Trilingual\u201c, \u201cSoul rests&#8230;\u201c, \u201cThe Godess of&#8230;\u201c in my own chapbook, Schwabing<\/p>\n<h3>June 2003<\/h3>\n<p>Poem \u201covercast\u201c in S\u00fcddeutsche Zeitung, major German newspaper<\/p>\n<h3>January 2003<\/h3>\n<p>Poems, some of them interactive, as Frances R: \u201cCatalyst\u201c, \u201cBlikkontakt\u201c, \u201cblink again!\u201c,  \u201covercast\u201c, in poetry webzine strucklit, Ed. performance collective coLLide<\/p>\n<h3>January 2002<\/h3>\n<p>Poems \u201cFLOW\u201c, \u201cTo defined Shapes\u201c, \u201cPast, media, &#038; me\u201c in Chapbook of the group coLLide, with, among others: Katie McGowan, Ben Ness and Abbas ali Bazzi, Detroit, USA<\/p>","protected":false},"excerpt":{"rendered":"<p>Live clips of me performing my poetry are on my YouTube playlist! Publications January 2020 Poem \u201cDetroit&#8221; in RESPECT \u2013 THE POETRY OF DETROIT MUSIC, anthology, Eds. Jim Daniels and M.L. Liebler, Michigan State University Press, Detroit. The book features (among others) lyrics by Eminem and Jack White of the White Stripes February 2019 Poem &#8220;Winter&#8221; as The Poem of the Week, Ed. Mark Olival-Bartley, Munich December 2018 \u201cBODY TAG&#8221;, book of poems, english, 188 pages, soft cover, Books on Demand, Norderstedt December 2018 Poem \u201cParticles&#8221; in Science meets Fiction, anthology, Ed. Aura Heydenreich and Klaus Mecke, homunculus Verlag, Erlangen&#8230;<\/p>\n","protected":false},"author":1,"featured_media":5402,"parent":0,"menu_order":0,"comment_status":"closed","ping_status":"closed","template":"","meta":{"footnotes":""},"class_list":["post-219","page","type-page","status-publish","has-post-thumbnail","hentry"],"yoast_head":"<!-- This site is optimized with the Yoast SEO plugin v27.4 - https:\/\/yoast.com\/product\/yoast-seo-wordpress\/ -->\n<title>Poetry \u2013 FRANZISKA RUPRECHT<\/title>\n<meta name=\"description\" content=\"Publikationen der Performance Poetin. \/ Publications of poems.\" \/>\n<meta name=\"robots\" content=\"index, follow, max-snippet:-1, max-image-preview:large, max-video-preview:-1\" \/>\n<link rel=\"canonical\" href=\"https:\/\/www.franziskaruprecht.de\/poetry\/\" \/>\n<meta property=\"og:locale\" content=\"en_US\" \/>\n<meta property=\"og:type\" content=\"article\" \/>\n<meta property=\"og:title\" content=\"Poetry - Franziska Ruprecht\" \/>\n<meta property=\"og:description\" content=\"Hier geht es um Ver\u00f6ffentlichungen meiner Gedichte. \/ Publications of my poems.\" \/>\n<meta property=\"og:url\" content=\"https:\/\/www.franziskaruprecht.de\/poetry\/\" \/>\n<meta property=\"og:site_name\" content=\"Franziska Ruprecht\" \/>\n<meta property=\"article:publisher\" content=\"www.facebook.com\/FranziskaPoetrythatglitters\" \/>\n<meta property=\"article:modified_time\" content=\"2025-10-11T13:19:37+00:00\" \/>\n<meta property=\"og:image\" content=\"https:\/\/www.franziskaruprecht.de\/wp-content\/uploads\/2025\/06\/PoetryNew_overlay-scaled.jpg\" \/>\n\t<meta property=\"og:image:width\" content=\"2560\" \/>\n\t<meta property=\"og:image:height\" content=\"1280\" \/>\n\t<meta property=\"og:image:type\" content=\"image\/jpeg\" \/>\n<meta name=\"twitter:label1\" content=\"Est. reading time\" \/>\n\t<meta name=\"twitter:data1\" content=\"4 minutes\" \/>\n<script type=\"application\/ld+json\" class=\"yoast-schema-graph\">{\"@context\":\"https:\\\/\\\/schema.org\",\"@graph\":[{\"@type\":\"WebPage\",\"@id\":\"https:\\\/\\\/www.franziskaruprecht.de\\\/poetry\\\/\",\"url\":\"https:\\\/\\\/www.franziskaruprecht.de\\\/poetry\\\/\",\"name\":\"Poetry \u2013 FRANZISKA RUPRECHT\",\"isPartOf\":{\"@id\":\"https:\\\/\\\/www.franziskaruprecht.de\\\/#website\"},\"primaryImageOfPage\":{\"@id\":\"https:\\\/\\\/www.franziskaruprecht.de\\\/poetry\\\/#primaryimage\"},\"image\":{\"@id\":\"https:\\\/\\\/www.franziskaruprecht.de\\\/poetry\\\/#primaryimage\"},\"thumbnailUrl\":\"https:\\\/\\\/i0.wp.com\\\/www.franziskaruprecht.de\\\/wp-content\\\/uploads\\\/2025\\\/06\\\/PoetryNew_overlay-scaled.jpg?fit=2560%2C1280&ssl=1\",\"datePublished\":\"2016-09-11T14:14:19+00:00\",\"dateModified\":\"2025-10-11T13:19:37+00:00\",\"description\":\"Publikationen der Performance Poetin. \\\/ Publications of poems.\",\"breadcrumb\":{\"@id\":\"https:\\\/\\\/www.franziskaruprecht.de\\\/poetry\\\/#breadcrumb\"},\"inLanguage\":\"en-US\",\"potentialAction\":[{\"@type\":\"ReadAction\",\"target\":[\"https:\\\/\\\/www.franziskaruprecht.de\\\/poetry\\\/\"]}]},{\"@type\":\"ImageObject\",\"inLanguage\":\"en-US\",\"@id\":\"https:\\\/\\\/www.franziskaruprecht.de\\\/poetry\\\/#primaryimage\",\"url\":\"https:\\\/\\\/i0.wp.com\\\/www.franziskaruprecht.de\\\/wp-content\\\/uploads\\\/2025\\\/06\\\/PoetryNew_overlay-scaled.jpg?fit=2560%2C1280&ssl=1\",\"contentUrl\":\"https:\\\/\\\/i0.wp.com\\\/www.franziskaruprecht.de\\\/wp-content\\\/uploads\\\/2025\\\/06\\\/PoetryNew_overlay-scaled.jpg?fit=2560%2C1280&ssl=1\",\"width\":2560,\"height\":1280,\"caption\":\"list of contents of the anthology \\\"RESPECT The Poetry of Detroit Music\\\" including lyrics by Eminem and a poem by Franziska Ruprecht\"},{\"@type\":\"BreadcrumbList\",\"@id\":\"https:\\\/\\\/www.franziskaruprecht.de\\\/poetry\\\/#breadcrumb\",\"itemListElement\":[{\"@type\":\"ListItem\",\"position\":1,\"name\":\"Home\",\"item\":\"https:\\\/\\\/www.franziskaruprecht.de\\\/\"},{\"@type\":\"ListItem\",\"position\":2,\"name\":\"Poetry\"}]},{\"@type\":\"WebSite\",\"@id\":\"https:\\\/\\\/www.franziskaruprecht.de\\\/#website\",\"url\":\"https:\\\/\\\/www.franziskaruprecht.de\\\/\",\"name\":\"Franziska Ruprecht\",\"description\":\"Poetry that glitters\",\"publisher\":{\"@id\":\"https:\\\/\\\/www.franziskaruprecht.de\\\/#\\\/schema\\\/person\\\/1e33916af6bbab0f1e63966c0f7789ec\"},\"inLanguage\":\"en-US\"},{\"@type\":[\"Person\",\"Organization\"],\"@id\":\"https:\\\/\\\/www.franziskaruprecht.de\\\/#\\\/schema\\\/person\\\/1e33916af6bbab0f1e63966c0f7789ec\",\"name\":\"Franziska Ruprecht\",\"image\":{\"@type\":\"ImageObject\",\"inLanguage\":\"en-US\",\"@id\":\"https:\\\/\\\/i0.wp.com\\\/www.franziskaruprecht.de\\\/wp-content\\\/uploads\\\/2016\\\/05\\\/Meer-Maid.jpg?fit=653%2C653&ssl=1\",\"url\":\"https:\\\/\\\/i0.wp.com\\\/www.franziskaruprecht.de\\\/wp-content\\\/uploads\\\/2016\\\/05\\\/Meer-Maid.jpg?fit=653%2C653&ssl=1\",\"contentUrl\":\"https:\\\/\\\/i0.wp.com\\\/www.franziskaruprecht.de\\\/wp-content\\\/uploads\\\/2016\\\/05\\\/Meer-Maid.jpg?fit=653%2C653&ssl=1\",\"width\":653,\"height\":653,\"caption\":\"Franziska Ruprecht\"},\"logo\":{\"@id\":\"https:\\\/\\\/i0.wp.com\\\/www.franziskaruprecht.de\\\/wp-content\\\/uploads\\\/2016\\\/05\\\/Meer-Maid.jpg?fit=653%2C653&ssl=1\"},\"description\":\"Performance Poetin. Autorin der Gedichtb\u00e4nde \u201eBODY TAG\\\" und \u201eMeer-Maid\u201c. Workshop-Leiterin. Performance Poet. Spoken Word Artist. Workshop Instructor. Books: \\\"BODY TAG\\\" (in English) and \\\"Meer-Maid\\\".\",\"sameAs\":[\"http:\\\/\\\/www.franziskaruprecht.de\",\"www.facebook.com\\\/FranziskaPoetrythatglitters\",\"https:\\\/\\\/www.youtube.com\\\/channel\\\/UC3sIEa5PPU5YDbcxeDl_VjQ\",\"https:\\\/\\\/soundcloud.com\\\/franziskaruprecht\"]}]}<\/script>\n<!-- \/ Yoast SEO plugin. -->","yoast_head_json":{"title":"Poetry \u2013 FRANZISKA RUPRECHT","description":"Publikationen der Performance Poetin. \/ Publications of poems.","robots":{"index":"index","follow":"follow","max-snippet":"max-snippet:-1","max-image-preview":"max-image-preview:large","max-video-preview":"max-video-preview:-1"},"canonical":"https:\/\/www.franziskaruprecht.de\/poetry\/","og_locale":"en_US","og_type":"article","og_title":"Poetry - Franziska Ruprecht","og_description":"Hier geht es um Ver\u00f6ffentlichungen meiner Gedichte. \/ Publications of my poems.","og_url":"https:\/\/www.franziskaruprecht.de\/poetry\/","og_site_name":"Franziska Ruprecht","article_publisher":"www.facebook.com\/FranziskaPoetrythatglitters","article_modified_time":"2025-10-11T13:19:37+00:00","og_image":[{"width":2560,"height":1280,"url":"https:\/\/www.franziskaruprecht.de\/wp-content\/uploads\/2025\/06\/PoetryNew_overlay-scaled.jpg","type":"image\/jpeg"}],"twitter_misc":{"Est. reading time":"4 minutes"},"schema":{"@context":"https:\/\/schema.org","@graph":[{"@type":"WebPage","@id":"https:\/\/www.franziskaruprecht.de\/poetry\/","url":"https:\/\/www.franziskaruprecht.de\/poetry\/","name":"Poetry \u2013 FRANZISKA RUPRECHT","isPartOf":{"@id":"https:\/\/www.franziskaruprecht.de\/#website"},"primaryImageOfPage":{"@id":"https:\/\/www.franziskaruprecht.de\/poetry\/#primaryimage"},"image":{"@id":"https:\/\/www.franziskaruprecht.de\/poetry\/#primaryimage"},"thumbnailUrl":"https:\/\/i0.wp.com\/www.franziskaruprecht.de\/wp-content\/uploads\/2025\/06\/PoetryNew_overlay-scaled.jpg?fit=2560%2C1280&ssl=1","datePublished":"2016-09-11T14:14:19+00:00","dateModified":"2025-10-11T13:19:37+00:00","description":"Publikationen der Performance Poetin. \/ Publications of poems.","breadcrumb":{"@id":"https:\/\/www.franziskaruprecht.de\/poetry\/#breadcrumb"},"inLanguage":"en-US","potentialAction":[{"@type":"ReadAction","target":["https:\/\/www.franziskaruprecht.de\/poetry\/"]}]},{"@type":"ImageObject","inLanguage":"en-US","@id":"https:\/\/www.franziskaruprecht.de\/poetry\/#primaryimage","url":"https:\/\/i0.wp.com\/www.franziskaruprecht.de\/wp-content\/uploads\/2025\/06\/PoetryNew_overlay-scaled.jpg?fit=2560%2C1280&ssl=1","contentUrl":"https:\/\/i0.wp.com\/www.franziskaruprecht.de\/wp-content\/uploads\/2025\/06\/PoetryNew_overlay-scaled.jpg?fit=2560%2C1280&ssl=1","width":2560,"height":1280,"caption":"list of contents of the anthology \"RESPECT The Poetry of Detroit Music\" including lyrics by Eminem and a poem by Franziska Ruprecht"},{"@type":"BreadcrumbList","@id":"https:\/\/www.franziskaruprecht.de\/poetry\/#breadcrumb","itemListElement":[{"@type":"ListItem","position":1,"name":"Home","item":"https:\/\/www.franziskaruprecht.de\/"},{"@type":"ListItem","position":2,"name":"Poetry"}]},{"@type":"WebSite","@id":"https:\/\/www.franziskaruprecht.de\/#website","url":"https:\/\/www.franziskaruprecht.de\/","name":"Franziska Ruprecht","description":"Poetry that glitters","publisher":{"@id":"https:\/\/www.franziskaruprecht.de\/#\/schema\/person\/1e33916af6bbab0f1e63966c0f7789ec"},"inLanguage":"en-US"},{"@type":["Person","Organization"],"@id":"https:\/\/www.franziskaruprecht.de\/#\/schema\/person\/1e33916af6bbab0f1e63966c0f7789ec","name":"Franziska Ruprecht","image":{"@type":"ImageObject","inLanguage":"en-US","@id":"https:\/\/i0.wp.com\/www.franziskaruprecht.de\/wp-content\/uploads\/2016\/05\/Meer-Maid.jpg?fit=653%2C653&ssl=1","url":"https:\/\/i0.wp.com\/www.franziskaruprecht.de\/wp-content\/uploads\/2016\/05\/Meer-Maid.jpg?fit=653%2C653&ssl=1","contentUrl":"https:\/\/i0.wp.com\/www.franziskaruprecht.de\/wp-content\/uploads\/2016\/05\/Meer-Maid.jpg?fit=653%2C653&ssl=1","width":653,"height":653,"caption":"Franziska Ruprecht"},"logo":{"@id":"https:\/\/i0.wp.com\/www.franziskaruprecht.de\/wp-content\/uploads\/2016\/05\/Meer-Maid.jpg?fit=653%2C653&ssl=1"},"description":"Performance Poetin. Autorin der Gedichtb\u00e4nde \u201eBODY TAG\" und \u201eMeer-Maid\u201c. Workshop-Leiterin. Performance Poet. Spoken Word Artist. Workshop Instructor. Books: \"BODY TAG\" (in English) and \"Meer-Maid\".","sameAs":["http:\/\/www.franziskaruprecht.de","www.facebook.com\/FranziskaPoetrythatglitters","https:\/\/www.youtube.com\/channel\/UC3sIEa5PPU5YDbcxeDl_VjQ","https:\/\/soundcloud.com\/franziskaruprecht"]}]}},"jetpack_sharing_enabled":true,"_links":{"self":[{"href":"https:\/\/www.franziskaruprecht.de\/en\/wp-json\/wp\/v2\/pages\/219","targetHints":{"allow":["GET"]}}],"collection":[{"href":"https:\/\/www.franziskaruprecht.de\/en\/wp-json\/wp\/v2\/pages"}],"about":[{"href":"https:\/\/www.franziskaruprecht.de\/en\/wp-json\/wp\/v2\/types\/page"}],"author":[{"embeddable":true,"href":"https:\/\/www.franziskaruprecht.de\/en\/wp-json\/wp\/v2\/users\/1"}],"replies":[{"embeddable":true,"href":"https:\/\/www.franziskaruprecht.de\/en\/wp-json\/wp\/v2\/comments?post=219"}],"version-history":[{"count":0,"href":"https:\/\/www.franziskaruprecht.de\/en\/wp-json\/wp\/v2\/pages\/219\/revisions"}],"wp:featuredmedia":[{"embeddable":true,"href":"https:\/\/www.franziskaruprecht.de\/en\/wp-json\/wp\/v2\/media\/5402"}],"wp:attachment":[{"href":"https:\/\/www.franziskaruprecht.de\/en\/wp-json\/wp\/v2\/media?parent=219"}],"curies":[{"name":"wp","href":"https:\/\/api.w.org\/{rel}","templated":true}]}}