{"id":2271,"date":"2016-04-17T10:26:16","date_gmt":"2016-04-17T09:26:16","guid":{"rendered":"http:\/\/www.franziskaruprecht.de\/?page_id=2271"},"modified":"2024-11-08T16:48:37","modified_gmt":"2024-11-08T15:48:37","slug":"buecher","status":"publish","type":"page","link":"https:\/\/www.franziskaruprecht.de\/en\/buecher\/","title":{"rendered":"Books"},"content":{"rendered":"<p><\/p>\n<h2>&#8220;BODY TAG<br \/>\nPoems \u2013 inspired by muses worldwide\u201d<\/h2>\n<p>published December 2018, 188 pages, soft cover<\/p>\n<p><a href=\"\/wp-content\/uploads\/2015\/01\/BODYTAGFRkl.jpeg\"><img loading=\"lazy\" decoding=\"async\" src=\"\/wp-content\/uploads\/2015\/01\/BODYTAGFRkl.jpeg\" alt=\"\" width=\"480\" height=\"623\" class=\"aligncenter size-full wp-image-3860\" srcset=\"https:\/\/i0.wp.com\/www.franziskaruprecht.de\/wp-content\/uploads\/2015\/01\/BODYTAGFRkl.jpeg?w=480&amp;ssl=1 480w, https:\/\/i0.wp.com\/www.franziskaruprecht.de\/wp-content\/uploads\/2015\/01\/BODYTAGFRkl.jpeg?resize=231%2C300&amp;ssl=1 231w\" sizes=\"auto, (max-width: 480px) 100vw, 480px\" \/><\/a><br \/>\n<em>painting by Franz Fusseder<\/em><\/p>\n<p>With her writing and performances, Franziska Ruprecht reclaims the body. A \u201ctag\u201d can be the graffiti signature of an artist, left in darkness, hoping to not get caught. A \u201cbody tag\u201d can be the signature of the artist on the model\u2019s body instead of painting or sculpting him. Ruprecht\u2019s poems, however, move sculpted on the page and have been rasped and polished over the years. Each poem signs its title on the mental image of a person, capturing memories or fantasies.<\/p>\n<blockquote><p>\u201cStirring what\u2019s concealed, obscuring to reveal, these poems split the atom with an intensely personalized and challengingly obfuscated vision of nature.\u201d<\/p>\n<p>Doc Waffles, Detroit<\/p><\/blockquote>\n<p>Franziska Ruprecht plays with language deliberately, informed by her writing in two tongues.<br \/>\nIn her live shows, she provokes by embracing pop and glitter, music and dance. On paper, touch and feelings are engraved through her writings.<\/p>\n<blockquote><p>\u201cThe common themes throughout the collection give it a through line LOVE \u2013 obviously romantic (with its ups, downs, joys and pains and seasons with and without) and physical (lust too), but at least (or more) as importantly love of words and language(s) and art and being an artist, performer and poet.\u201d<\/p>\n<p>Michael Whalen, Brooklyn, New York<\/p><\/blockquote>\n<p>Order it now via e-mail (see envelope icon below) so I can personalize it with my signature! Alternatively, &#8220;BODY TAG&#8221; is available as e-book as well on <a href=\"https:\/\/www.amazon.de\/BODY-TAG-Poems-Franziska-Ruprecht\/dp\/3748170173\" rel=\"noopener noreferrer\" target=\"_blank\">Amazon<\/a>. ISBN: 978-3-7481-7017-4.<\/p>\n<h3>From a reader review<\/h3>\n<blockquote><p>\u201cThe substance of \u201cglitter\u201d: Excellently written in English and the interplay between English and German.\u201d<\/p>\n<p>John P., on Books on Demand, 2018<\/p><\/blockquote>\n<h2>&#8220;Meer-Maid&#8221; book of poems.<br \/>\nGEDOK Literary Advancement Award 2020<\/h2>\n<p>published January 2015, 140 pages, soft cover, 2nd edition 2016<\/p>\n<p><a href=\"https:\/\/i0.wp.com\/www.franziskaruprecht.de\/wp-content\/uploads\/2016\/02\/IMG_2208.jpg?ssl=1\"><img data-recalc-dims=\"1\" loading=\"lazy\" decoding=\"async\" src=\"https:\/\/i0.wp.com\/www.franziskaruprecht.de\/wp-content\/uploads\/2016\/02\/IMG_2208.jpg?resize=4000%2C3000&#038;ssl=1\" alt=\"\" width=\"4000\" height=\"3000\" class=\"aligncenter size-full wp-image-1905\" \/><\/a><\/p>\n<blockquote>\n<h2>\u201cReading her performance poetry is a cinematic experience!&#8221;<\/h2>\n<p>Wolfbach Verlag, Z\u00fcrich, 2015<\/p><\/blockquote>\n<p>If you wish to have a book that is signed for you, please scroll down and send me an e-mail via clicking the envelope! The book can be ordered in bookstores as well. <\/p>\n<p>\u201cMeer-Maid&#8221; is sometimes creature, sometimes sensual human woman. Through elements of pop culture, she dives below the shallow. This is where she is finding herself in imagined universes, poetic realities, or in between. Franziska Ruprecht recites, raps, and sings her texts live as a performance. This sense of movement still vibrates through the poems in print. She describes her counterpart &#8211; often the object of desire &#8211; and the persona with new words, and in many nuances. This book is about the courage to feel: desire, joy, loss, up to finding strength . . .<\/p>\n<h3>Prize<\/h3>\n<p>2020 GEDOK Literary Advancement Award. The <a href=\"https:\/\/www.youtube.com\/watch?v=YsQDKfZjIQE\" rel=\"noopener\" target=\"_blank\">Laudatory Speech<\/a> and me <a href=\"https:\/\/www.youtube.com\/watch?v=kdloBerTe90\" rel=\"noopener\" target=\"_blank\">saying thank you<\/a> took place online due to regulations during the pandemic. <\/p>\n<h3>Reviews<\/h3>\n<blockquote><p>\u201cThere is not much to comment, except for the fact that youth is our best hope, in a literary sense as well.&#8221; <\/p>\n<p>Urs Heinz Aerni, <a href=\"https:\/\/www.franziskaruprecht.de\/wp-content\/uploads\/2024\/08\/berg.link-buchtipp_-meer-maid.pdf\">berg.link buchtipp_ meer-maid<\/a>, Berlin, 03.02.2015<\/p><\/blockquote>\n<blockquote><p>\u201cThe book of poems \u201cMeer-Maid&#8221; by Franziska Ruprecht, published in Zurich\u2019s Wolfbach Verlag, is one of the guilty pleasures of the year.&#8221;<\/p>\n<p>Stefan Schmitzer, Fixpoetry, Hamburg, 10.10.2015<\/p><\/blockquote>\n<blockquote><p>\n\u201cFor Walter Benjamin, the book is, historically as well as politically, a one-way-road for the sighted, for Franziska Ruprecht, it is a highway and a rollercoaster for the blind. Now avantgarde doesn\u2019t glitter in the dark anymore, and the beat goes on.&#8221;<\/p>\n<p>Sucram Nebel, <a href=\"http:\/\/www.neuewoertlichkeit.de\/meer-maid\/\" rel=\"noopener noreferrer\" target=\"_blank\">Neue W\u00f6rtlichkeit<\/a>, Leipzig, 07.27.2015<\/p><\/blockquote>\n<h3>Comments by readers<\/h3>\n<blockquote><p>\u201cYour texts are highly sophisticated, profound, artificial, of high poetic skill. (&#8230;) Captivating the three poems about Cassandra, as a Germanist (Schiller, Christa Wolf) I was directly caught, as myth is the telling of the many times told. You are writing modernity into the old plot.&#8221;<br \/>\nUwe Grund, Hannover<\/p><\/blockquote>\n<blockquote><p>\n\u201cThe persona in &#8220;Meer-Maid&#8221; is most of the time a searching, romantic, tender, feminine &#8220;I&#8221;. It is tied into dresses and rituals that are not made for her. Thus, she is dreaming herself away, to a &#8220;you&#8221;.&#8221;<\/p>\n<p>Petra Ina Lang, in Munich\u2019s Literaturb\u00fcro<\/p><\/blockquote>\n<p><\/p>","protected":false},"excerpt":{"rendered":"<p>&#8220;BODY TAG Poems \u2013 inspired by muses worldwide\u201d published December 2018, 188 pages, soft cover painting by Franz Fusseder With her writing and performances, Franziska Ruprecht reclaims the body. A \u201ctag\u201d can be the graffiti signature of an artist, left in darkness, hoping to not get caught. A \u201cbody tag\u201d can be the signature of the artist on the model\u2019s body instead of painting or sculpting him. Ruprecht\u2019s poems, however, move sculpted on the page and have been rasped and polished over the years. Each poem signs its title on the mental image of a person, capturing memories or fantasies&#8230;.<\/p>\n","protected":false},"author":1,"featured_media":4442,"parent":0,"menu_order":0,"comment_status":"closed","ping_status":"closed","template":"","meta":{"footnotes":""},"class_list":["post-2271","page","type-page","status-publish","has-post-thumbnail","hentry"],"yoast_head":"<!-- This site is optimized with the Yoast SEO plugin v27.4 - https:\/\/yoast.com\/product\/yoast-seo-wordpress\/ -->\n<title>Books \u2013 FRANZISKA RUPRECHT<\/title>\n<meta name=\"description\" content=\"Mehr zu den Gedichtb\u00e4nden von Franziska Ruprecht: Inhalt, Rezensionen, und Bestellm\u00f6glichkeit der B\u00fccher.\" \/>\n<meta name=\"robots\" content=\"index, follow, max-snippet:-1, max-image-preview:large, max-video-preview:-1\" \/>\n<link rel=\"canonical\" href=\"https:\/\/www.franziskaruprecht.de\/buecher\/\" \/>\n<meta property=\"og:locale\" content=\"en_US\" \/>\n<meta property=\"og:type\" content=\"article\" \/>\n<meta property=\"og:title\" content=\"B\u00fccher von Franziska Ruprecht\" \/>\n<meta property=\"og:description\" content=\"Hier k\u00f6nnt Ihr mehr \u00fcber meine Gedichtb\u00e4nde erfahren und diese auch mit pers\u00f6nlicher Widmung bestellen.\" \/>\n<meta property=\"og:url\" content=\"https:\/\/www.franziskaruprecht.de\/buecher\/\" \/>\n<meta property=\"og:site_name\" content=\"Franziska Ruprecht\" \/>\n<meta property=\"article:publisher\" content=\"www.facebook.com\/FranziskaPoetrythatglitters\" \/>\n<meta property=\"article:modified_time\" content=\"2024-11-08T15:48:37+00:00\" \/>\n<meta property=\"og:image\" content=\"https:\/\/www.franziskaruprecht.de\/wp-content\/uploads\/2019\/11\/FRBooksBWDominikParzinger-scaled.jpeg\" \/>\n\t<meta property=\"og:image:width\" content=\"2560\" \/>\n\t<meta property=\"og:image:height\" content=\"1280\" \/>\n\t<meta property=\"og:image:type\" content=\"image\/jpeg\" \/>\n<meta name=\"twitter:label1\" content=\"Est. reading time\" \/>\n\t<meta name=\"twitter:data1\" content=\"3 minutes\" \/>\n<script type=\"application\/ld+json\" class=\"yoast-schema-graph\">{\"@context\":\"https:\\\/\\\/schema.org\",\"@graph\":[{\"@type\":\"WebPage\",\"@id\":\"https:\\\/\\\/www.franziskaruprecht.de\\\/buecher\\\/\",\"url\":\"https:\\\/\\\/www.franziskaruprecht.de\\\/buecher\\\/\",\"name\":\"[:de]B\u00fccher[:en]Books[:] \u2013 FRANZISKA RUPRECHT\",\"isPartOf\":{\"@id\":\"https:\\\/\\\/www.franziskaruprecht.de\\\/#website\"},\"primaryImageOfPage\":{\"@id\":\"https:\\\/\\\/www.franziskaruprecht.de\\\/buecher\\\/#primaryimage\"},\"image\":{\"@id\":\"https:\\\/\\\/www.franziskaruprecht.de\\\/buecher\\\/#primaryimage\"},\"thumbnailUrl\":\"https:\\\/\\\/i0.wp.com\\\/www.franziskaruprecht.de\\\/wp-content\\\/uploads\\\/2019\\\/11\\\/FRBooksBWDominikParzinger-scaled.jpeg?fit=2560%2C1280&ssl=1\",\"datePublished\":\"2016-04-17T09:26:16+00:00\",\"dateModified\":\"2024-11-08T15:48:37+00:00\",\"description\":\"Mehr zu den Gedichtb\u00e4nden von Franziska Ruprecht: Inhalt, Rezensionen, und Bestellm\u00f6glichkeit der B\u00fccher.\",\"breadcrumb\":{\"@id\":\"https:\\\/\\\/www.franziskaruprecht.de\\\/buecher\\\/#breadcrumb\"},\"inLanguage\":\"en-US\",\"potentialAction\":[{\"@type\":\"ReadAction\",\"target\":[\"https:\\\/\\\/www.franziskaruprecht.de\\\/buecher\\\/\"]}]},{\"@type\":\"ImageObject\",\"inLanguage\":\"en-US\",\"@id\":\"https:\\\/\\\/www.franziskaruprecht.de\\\/buecher\\\/#primaryimage\",\"url\":\"https:\\\/\\\/i0.wp.com\\\/www.franziskaruprecht.de\\\/wp-content\\\/uploads\\\/2019\\\/11\\\/FRBooksBWDominikParzinger-scaled.jpeg?fit=2560%2C1280&ssl=1\",\"contentUrl\":\"https:\\\/\\\/i0.wp.com\\\/www.franziskaruprecht.de\\\/wp-content\\\/uploads\\\/2019\\\/11\\\/FRBooksBWDominikParzinger-scaled.jpeg?fit=2560%2C1280&ssl=1\",\"width\":2560,\"height\":1280,\"caption\":\"Franziska Ruprecht, Pressefoto zu \\\"BODY TAG\\\", fotografiert von Dominik Parzinger\"},{\"@type\":\"BreadcrumbList\",\"@id\":\"https:\\\/\\\/www.franziskaruprecht.de\\\/buecher\\\/#breadcrumb\",\"itemListElement\":[{\"@type\":\"ListItem\",\"position\":1,\"name\":\"Home\",\"item\":\"https:\\\/\\\/www.franziskaruprecht.de\\\/\"},{\"@type\":\"ListItem\",\"position\":2,\"name\":\"B\u00fccher\"}]},{\"@type\":\"WebSite\",\"@id\":\"https:\\\/\\\/www.franziskaruprecht.de\\\/#website\",\"url\":\"https:\\\/\\\/www.franziskaruprecht.de\\\/\",\"name\":\"Franziska Ruprecht\",\"description\":\"Poetry that glitters\",\"publisher\":{\"@id\":\"https:\\\/\\\/www.franziskaruprecht.de\\\/#\\\/schema\\\/person\\\/1e33916af6bbab0f1e63966c0f7789ec\"},\"inLanguage\":\"en-US\"},{\"@type\":[\"Person\",\"Organization\"],\"@id\":\"https:\\\/\\\/www.franziskaruprecht.de\\\/#\\\/schema\\\/person\\\/1e33916af6bbab0f1e63966c0f7789ec\",\"name\":\"Franziska Ruprecht\",\"image\":{\"@type\":\"ImageObject\",\"inLanguage\":\"en-US\",\"@id\":\"https:\\\/\\\/i0.wp.com\\\/www.franziskaruprecht.de\\\/wp-content\\\/uploads\\\/2016\\\/05\\\/Meer-Maid.jpg?fit=653%2C653&ssl=1\",\"url\":\"https:\\\/\\\/i0.wp.com\\\/www.franziskaruprecht.de\\\/wp-content\\\/uploads\\\/2016\\\/05\\\/Meer-Maid.jpg?fit=653%2C653&ssl=1\",\"contentUrl\":\"https:\\\/\\\/i0.wp.com\\\/www.franziskaruprecht.de\\\/wp-content\\\/uploads\\\/2016\\\/05\\\/Meer-Maid.jpg?fit=653%2C653&ssl=1\",\"width\":653,\"height\":653,\"caption\":\"Franziska Ruprecht\"},\"logo\":{\"@id\":\"https:\\\/\\\/i0.wp.com\\\/www.franziskaruprecht.de\\\/wp-content\\\/uploads\\\/2016\\\/05\\\/Meer-Maid.jpg?fit=653%2C653&ssl=1\"},\"description\":\"Performance Poetin. Autorin der Gedichtb\u00e4nde \u201eBODY TAG\\\" und \u201eMeer-Maid\u201c. Workshop-Leiterin. Performance Poet. Spoken Word Artist. Workshop Instructor. Books: \\\"BODY TAG\\\" (in English) and \\\"Meer-Maid\\\".\",\"sameAs\":[\"http:\\\/\\\/www.franziskaruprecht.de\",\"www.facebook.com\\\/FranziskaPoetrythatglitters\",\"https:\\\/\\\/www.youtube.com\\\/channel\\\/UC3sIEa5PPU5YDbcxeDl_VjQ\",\"https:\\\/\\\/soundcloud.com\\\/franziskaruprecht\"]}]}<\/script>\n<!-- \/ Yoast SEO plugin. -->","yoast_head_json":{"title":"[:de]B\u00fccher[:en]Books[:] \u2013 FRANZISKA RUPRECHT","description":"Mehr zu den Gedichtb\u00e4nden von Franziska Ruprecht: Inhalt, Rezensionen, und Bestellm\u00f6glichkeit der B\u00fccher.","robots":{"index":"index","follow":"follow","max-snippet":"max-snippet:-1","max-image-preview":"max-image-preview:large","max-video-preview":"max-video-preview:-1"},"canonical":"https:\/\/www.franziskaruprecht.de\/buecher\/","og_locale":"en_US","og_type":"article","og_title":"B\u00fccher von Franziska Ruprecht","og_description":"Hier k\u00f6nnt Ihr mehr \u00fcber meine Gedichtb\u00e4nde erfahren und diese auch mit pers\u00f6nlicher Widmung bestellen.","og_url":"https:\/\/www.franziskaruprecht.de\/buecher\/","og_site_name":"Franziska Ruprecht","article_publisher":"www.facebook.com\/FranziskaPoetrythatglitters","article_modified_time":"2024-11-08T15:48:37+00:00","og_image":[{"width":2560,"height":1280,"url":"https:\/\/www.franziskaruprecht.de\/wp-content\/uploads\/2019\/11\/FRBooksBWDominikParzinger-scaled.jpeg","type":"image\/jpeg"}],"twitter_misc":{"Est. reading time":"3 minutes"},"schema":{"@context":"https:\/\/schema.org","@graph":[{"@type":"WebPage","@id":"https:\/\/www.franziskaruprecht.de\/buecher\/","url":"https:\/\/www.franziskaruprecht.de\/buecher\/","name":"[:de]B\u00fccher[:en]Books[:] \u2013 FRANZISKA RUPRECHT","isPartOf":{"@id":"https:\/\/www.franziskaruprecht.de\/#website"},"primaryImageOfPage":{"@id":"https:\/\/www.franziskaruprecht.de\/buecher\/#primaryimage"},"image":{"@id":"https:\/\/www.franziskaruprecht.de\/buecher\/#primaryimage"},"thumbnailUrl":"https:\/\/i0.wp.com\/www.franziskaruprecht.de\/wp-content\/uploads\/2019\/11\/FRBooksBWDominikParzinger-scaled.jpeg?fit=2560%2C1280&ssl=1","datePublished":"2016-04-17T09:26:16+00:00","dateModified":"2024-11-08T15:48:37+00:00","description":"Mehr zu den Gedichtb\u00e4nden von Franziska Ruprecht: Inhalt, Rezensionen, und Bestellm\u00f6glichkeit der B\u00fccher.","breadcrumb":{"@id":"https:\/\/www.franziskaruprecht.de\/buecher\/#breadcrumb"},"inLanguage":"en-US","potentialAction":[{"@type":"ReadAction","target":["https:\/\/www.franziskaruprecht.de\/buecher\/"]}]},{"@type":"ImageObject","inLanguage":"en-US","@id":"https:\/\/www.franziskaruprecht.de\/buecher\/#primaryimage","url":"https:\/\/i0.wp.com\/www.franziskaruprecht.de\/wp-content\/uploads\/2019\/11\/FRBooksBWDominikParzinger-scaled.jpeg?fit=2560%2C1280&ssl=1","contentUrl":"https:\/\/i0.wp.com\/www.franziskaruprecht.de\/wp-content\/uploads\/2019\/11\/FRBooksBWDominikParzinger-scaled.jpeg?fit=2560%2C1280&ssl=1","width":2560,"height":1280,"caption":"Franziska Ruprecht, Pressefoto zu \"BODY TAG\", fotografiert von Dominik Parzinger"},{"@type":"BreadcrumbList","@id":"https:\/\/www.franziskaruprecht.de\/buecher\/#breadcrumb","itemListElement":[{"@type":"ListItem","position":1,"name":"Home","item":"https:\/\/www.franziskaruprecht.de\/"},{"@type":"ListItem","position":2,"name":"B\u00fccher"}]},{"@type":"WebSite","@id":"https:\/\/www.franziskaruprecht.de\/#website","url":"https:\/\/www.franziskaruprecht.de\/","name":"Franziska Ruprecht","description":"Poetry that glitters","publisher":{"@id":"https:\/\/www.franziskaruprecht.de\/#\/schema\/person\/1e33916af6bbab0f1e63966c0f7789ec"},"inLanguage":"en-US"},{"@type":["Person","Organization"],"@id":"https:\/\/www.franziskaruprecht.de\/#\/schema\/person\/1e33916af6bbab0f1e63966c0f7789ec","name":"Franziska Ruprecht","image":{"@type":"ImageObject","inLanguage":"en-US","@id":"https:\/\/i0.wp.com\/www.franziskaruprecht.de\/wp-content\/uploads\/2016\/05\/Meer-Maid.jpg?fit=653%2C653&ssl=1","url":"https:\/\/i0.wp.com\/www.franziskaruprecht.de\/wp-content\/uploads\/2016\/05\/Meer-Maid.jpg?fit=653%2C653&ssl=1","contentUrl":"https:\/\/i0.wp.com\/www.franziskaruprecht.de\/wp-content\/uploads\/2016\/05\/Meer-Maid.jpg?fit=653%2C653&ssl=1","width":653,"height":653,"caption":"Franziska Ruprecht"},"logo":{"@id":"https:\/\/i0.wp.com\/www.franziskaruprecht.de\/wp-content\/uploads\/2016\/05\/Meer-Maid.jpg?fit=653%2C653&ssl=1"},"description":"Performance Poetin. Autorin der Gedichtb\u00e4nde \u201eBODY TAG\" und \u201eMeer-Maid\u201c. Workshop-Leiterin. Performance Poet. Spoken Word Artist. Workshop Instructor. Books: \"BODY TAG\" (in English) and \"Meer-Maid\".","sameAs":["http:\/\/www.franziskaruprecht.de","www.facebook.com\/FranziskaPoetrythatglitters","https:\/\/www.youtube.com\/channel\/UC3sIEa5PPU5YDbcxeDl_VjQ","https:\/\/soundcloud.com\/franziskaruprecht"]}]}},"jetpack_sharing_enabled":true,"_links":{"self":[{"href":"https:\/\/www.franziskaruprecht.de\/en\/wp-json\/wp\/v2\/pages\/2271","targetHints":{"allow":["GET"]}}],"collection":[{"href":"https:\/\/www.franziskaruprecht.de\/en\/wp-json\/wp\/v2\/pages"}],"about":[{"href":"https:\/\/www.franziskaruprecht.de\/en\/wp-json\/wp\/v2\/types\/page"}],"author":[{"embeddable":true,"href":"https:\/\/www.franziskaruprecht.de\/en\/wp-json\/wp\/v2\/users\/1"}],"replies":[{"embeddable":true,"href":"https:\/\/www.franziskaruprecht.de\/en\/wp-json\/wp\/v2\/comments?post=2271"}],"version-history":[{"count":0,"href":"https:\/\/www.franziskaruprecht.de\/en\/wp-json\/wp\/v2\/pages\/2271\/revisions"}],"wp:featuredmedia":[{"embeddable":true,"href":"https:\/\/www.franziskaruprecht.de\/en\/wp-json\/wp\/v2\/media\/4442"}],"wp:attachment":[{"href":"https:\/\/www.franziskaruprecht.de\/en\/wp-json\/wp\/v2\/media?parent=2271"}],"curies":[{"name":"wp","href":"https:\/\/api.w.org\/{rel}","templated":true}]}}