{"id":242,"date":"2016-08-10T13:29:37","date_gmt":"2016-08-10T12:29:37","guid":{"rendered":"http:\/\/www.franziskaruprecht.de\/?page_id=242"},"modified":"2024-11-08T12:40:42","modified_gmt":"2024-11-08T11:40:42","slug":"presse","status":"publish","type":"page","link":"https:\/\/www.franziskaruprecht.de\/en\/presse\/","title":{"rendered":"Press"},"content":{"rendered":"<p>For numerous additional reviews and radio interviews, please see the German version of this page.<\/p>\n<div class=\"eng\">\nPress Release for &#8220;BODY TAG&#8221;, my collection of poetry in English, published on December 6th, 2018.<\/p>\n<p><a href=\"https:\/\/www.franziskaruprecht.de\/wp-content\/uploads\/2024\/08\/PressReleasePressemitteilung2018.pdf\">BODYTAGPress<\/a><\/p>\n<p>A conversation on air at a German literature radio about BODY TAG &#8211; jump to minute 18 to hear me recite in English.<\/p>\n<p><a href=\"https:\/\/literaturradiohoerbahn.com\/?p=6454\" rel=\"noopener noreferrer\" target=\"_blank\">Literature Radio H\u00f6rbahn Book Talk<\/a><\/p>\n<p>Hear me perform live from my latest book &#8220;BODY TAG&#8221;. My performance is announced and starts in English and German at minute 5. This was at Schamrock-Festival of Women Poets 2018 \u2013 International Poetry Biennal in Munich, recorded by a German literature radio.  <\/p>\n<p><a href=\"https:\/\/literaturradiohoerbahn.com\/?p=6222\" rel=\"noopener noreferrer\" target=\"_blank\">Literature Radio H\u00f6rbahn Schamrock Festival<\/a><\/p>\n<blockquote><p>\n&#8220;Franziska Ruprecht, the internationally acclaimed, award winning performance poet from Germany.&#8221;<\/p>\n<p>Host, CKCU FM 93,1, 06.12.2017<\/p><\/blockquote>\n<p><a href=\"\/wp-content\/uploads\/2017\/12\/CKCUlogo.gif\"><img loading=\"lazy\" decoding=\"async\" src=\"\/wp-content\/uploads\/2017\/12\/CKCUlogo.gif\" alt=\"\" width=\"400\" height=\"131\" class=\"aligncenter size-full wp-image-3039\" \/><\/a><br \/>\nFeature interview, aired by the community based campus radio station of &#8220;Canada&#8217;s Capital University&#8221; in Ottawa. <\/p>\n<p><a href=\"https:\/\/cod.ckcufm.com\/programs\/414\/35262.html\" rel=\"noopener noreferrer\" target=\"_blank\">Radio CKCU, Ottawa, Kanada<\/a><\/p>\n<blockquote><p>\n&#8220;Her performances combine the spoken word, underlying rhythms and musical accompaniment that infuse into her shows a sensual quality that stays with you.&#8221;<\/p>\n<p>Jorge Cruz, \u00dcRBANTgarde, &#8220;poetry that glitters&#8221;, article about me due to my gig in Green Point, Brooklyn, New York, USA, 01\/13\/2017<\/p><\/blockquote>\n<blockquote><p>\n&#8220;Franziska Ruprecht developed as a performance poet in Detroit, where she won several poetry slams while studying at Wayne State University. She&#8217;s also been a frequent performer at the Munich Poetry Slam.<br \/>\nShe says that she&#8217;s influenced by &#8220;the play between languages (German and English, sometimes French, too); the experimental approach of the Language School poets, especially Carla Harryman; sophisticated hip-hop music; everything that&#8217;s pop; the emotional mission of poetry; and the wonders of life.&#8221;&#8221;<\/p>\n<p>Ken Nash, article about gig in Prague, 2005<\/p><\/blockquote>\n<p><a href=\"\/wp-content\/uploads\/2018\/07\/PressDetroit.jpg\"><img loading=\"lazy\" decoding=\"async\" src=\"\/wp-content\/uploads\/2018\/07\/PressDetroit-300x225.jpg\" alt=\"\" width=\"300\" height=\"225\" class=\"aligncenter size-medium wp-image-3637\" srcset=\"https:\/\/i0.wp.com\/www.franziskaruprecht.de\/wp-content\/uploads\/2018\/07\/PressDetroit.jpg?resize=300%2C225&amp;ssl=1 300w, https:\/\/i0.wp.com\/www.franziskaruprecht.de\/wp-content\/uploads\/2018\/07\/PressDetroit.jpg?resize=768%2C576&amp;ssl=1 768w, https:\/\/i0.wp.com\/www.franziskaruprecht.de\/wp-content\/uploads\/2018\/07\/PressDetroit.jpg?resize=1024%2C768&amp;ssl=1 1024w, https:\/\/i0.wp.com\/www.franziskaruprecht.de\/wp-content\/uploads\/2018\/07\/PressDetroit.jpg?resize=600%2C450&amp;ssl=1 600w, https:\/\/i0.wp.com\/www.franziskaruprecht.de\/wp-content\/uploads\/2018\/07\/PressDetroit.jpg?w=2000&amp;ssl=1 2000w, https:\/\/i0.wp.com\/www.franziskaruprecht.de\/wp-content\/uploads\/2018\/07\/PressDetroit.jpg?w=3000&amp;ssl=1 3000w\" sizes=\"auto, (max-width: 300px) 100vw, 300px\" \/><\/a><br \/>\n<em>Detroit students&#8217; newspaper reporting about one of my first gigs in Michigan, USA<\/em>\n<\/div>\n<p><\/p>","protected":false},"excerpt":{"rendered":"<p>For numerous additional reviews and radio interviews, please see the German version of this page. Press Release for &#8220;BODY TAG&#8221;, my collection of poetry in English, published on December 6th, 2018. BODYTAGPress A conversation on air at a German literature radio about BODY TAG &#8211; jump to minute 18 to hear me recite in English. Literature Radio H\u00f6rbahn Book Talk Hear me perform live from my latest book &#8220;BODY TAG&#8221;. My performance is announced and starts in English and German at minute 5. This was at Schamrock-Festival of Women Poets 2018 \u2013 International Poetry Biennal in Munich, recorded by a&#8230;<\/p>\n","protected":false},"author":1,"featured_media":393,"parent":0,"menu_order":0,"comment_status":"closed","ping_status":"closed","template":"","meta":{"footnotes":""},"class_list":["post-242","page","type-page","status-publish","has-post-thumbnail","hentry"],"yoast_head":"<!-- This site is optimized with the Yoast SEO plugin v27.3 - https:\/\/yoast.com\/product\/yoast-seo-wordpress\/ -->\n<title>Press \u2013 FRANZISKA RUPRECHT<\/title>\n<meta name=\"description\" content=\"Gesammelte Presseartikel und Links zu Radiosendungen. \/ Find articles and broadcasts about me here.\" \/>\n<meta name=\"robots\" content=\"index, follow, max-snippet:-1, max-image-preview:large, max-video-preview:-1\" \/>\n<link rel=\"canonical\" href=\"https:\/\/www.franziskaruprecht.de\/presse\/\" \/>\n<meta property=\"og:locale\" content=\"en_US\" \/>\n<meta property=\"og:type\" content=\"article\" \/>\n<meta property=\"og:title\" content=\"[:de]Presse[:en]Press[:] \u2013 FRANZISKA RUPRECHT\" \/>\n<meta property=\"og:description\" content=\"Gesammelte Presseartikel und Links zu Radiosendungen. \/ Find articles and broadcasts about me here.\" \/>\n<meta property=\"og:url\" content=\"https:\/\/www.franziskaruprecht.de\/presse\/\" \/>\n<meta property=\"og:site_name\" content=\"Franziska Ruprecht\" \/>\n<meta property=\"article:publisher\" content=\"www.facebook.com\/FranziskaPoetrythatglitters\" \/>\n<meta property=\"article:modified_time\" content=\"2024-11-08T11:40:42+00:00\" \/>\n<meta property=\"og:image\" content=\"https:\/\/www.franziskaruprecht.de\/wp-content\/uploads\/2013\/09\/IMG_4733-1_bw.jpg\" \/>\n\t<meta property=\"og:image:width\" content=\"1200\" \/>\n\t<meta property=\"og:image:height\" content=\"600\" \/>\n\t<meta property=\"og:image:type\" content=\"image\/jpeg\" \/>\n<meta name=\"twitter:label1\" content=\"Est. reading time\" \/>\n\t<meta name=\"twitter:data1\" content=\"2 minutes\" \/>\n<script type=\"application\/ld+json\" class=\"yoast-schema-graph\">{\"@context\":\"https:\\\/\\\/schema.org\",\"@graph\":[{\"@type\":\"WebPage\",\"@id\":\"https:\\\/\\\/www.franziskaruprecht.de\\\/presse\\\/\",\"url\":\"https:\\\/\\\/www.franziskaruprecht.de\\\/presse\\\/\",\"name\":\"[:de]Presse[:en]Press[:] \u2013 FRANZISKA RUPRECHT\",\"isPartOf\":{\"@id\":\"https:\\\/\\\/www.franziskaruprecht.de\\\/#website\"},\"primaryImageOfPage\":{\"@id\":\"https:\\\/\\\/www.franziskaruprecht.de\\\/presse\\\/#primaryimage\"},\"image\":{\"@id\":\"https:\\\/\\\/www.franziskaruprecht.de\\\/presse\\\/#primaryimage\"},\"thumbnailUrl\":\"https:\\\/\\\/i0.wp.com\\\/www.franziskaruprecht.de\\\/wp-content\\\/uploads\\\/2013\\\/09\\\/IMG_4733-1_bw.jpg?fit=1200%2C600&ssl=1\",\"datePublished\":\"2016-08-10T12:29:37+00:00\",\"dateModified\":\"2024-11-08T11:40:42+00:00\",\"description\":\"Gesammelte Presseartikel und Links zu Radiosendungen. \\\/ Find articles and broadcasts about me here.\",\"breadcrumb\":{\"@id\":\"https:\\\/\\\/www.franziskaruprecht.de\\\/presse\\\/#breadcrumb\"},\"inLanguage\":\"en-US\",\"potentialAction\":[{\"@type\":\"ReadAction\",\"target\":[\"https:\\\/\\\/www.franziskaruprecht.de\\\/presse\\\/\"]}]},{\"@type\":\"ImageObject\",\"inLanguage\":\"en-US\",\"@id\":\"https:\\\/\\\/www.franziskaruprecht.de\\\/presse\\\/#primaryimage\",\"url\":\"https:\\\/\\\/i0.wp.com\\\/www.franziskaruprecht.de\\\/wp-content\\\/uploads\\\/2013\\\/09\\\/IMG_4733-1_bw.jpg?fit=1200%2C600&ssl=1\",\"contentUrl\":\"https:\\\/\\\/i0.wp.com\\\/www.franziskaruprecht.de\\\/wp-content\\\/uploads\\\/2013\\\/09\\\/IMG_4733-1_bw.jpg?fit=1200%2C600&ssl=1\",\"width\":1200,\"height\":600,\"caption\":\"Franziska Ruprecht als \\\"Unterkatze\\\" beim Dichtwerkvari\u00e9t\u00e9 im Rationaltheater, am Klavier sitzt Andi Hartmann. Der Glitzervorhang reflektiert das Licht von der Nachttischlampe auf dem Klavier; Franziska tr\u00e4gt eine gl\u00e4nzende Lederhose und eine Katzenmaske auf den Augen, mit dem Mikro in der Hand schl\u00fcpft sie in die Rolle einer Katze. Fotografiert von Kristian Albert.\"},{\"@type\":\"BreadcrumbList\",\"@id\":\"https:\\\/\\\/www.franziskaruprecht.de\\\/presse\\\/#breadcrumb\",\"itemListElement\":[{\"@type\":\"ListItem\",\"position\":1,\"name\":\"Home\",\"item\":\"https:\\\/\\\/www.franziskaruprecht.de\\\/\"},{\"@type\":\"ListItem\",\"position\":2,\"name\":\"Presse\"}]},{\"@type\":\"WebSite\",\"@id\":\"https:\\\/\\\/www.franziskaruprecht.de\\\/#website\",\"url\":\"https:\\\/\\\/www.franziskaruprecht.de\\\/\",\"name\":\"Franziska Ruprecht\",\"description\":\"Poetry that glitters\",\"publisher\":{\"@id\":\"https:\\\/\\\/www.franziskaruprecht.de\\\/#\\\/schema\\\/person\\\/1e33916af6bbab0f1e63966c0f7789ec\"},\"inLanguage\":\"en-US\"},{\"@type\":[\"Person\",\"Organization\"],\"@id\":\"https:\\\/\\\/www.franziskaruprecht.de\\\/#\\\/schema\\\/person\\\/1e33916af6bbab0f1e63966c0f7789ec\",\"name\":\"Franziska Ruprecht\",\"image\":{\"@type\":\"ImageObject\",\"inLanguage\":\"en-US\",\"@id\":\"https:\\\/\\\/i0.wp.com\\\/www.franziskaruprecht.de\\\/wp-content\\\/uploads\\\/2016\\\/05\\\/Meer-Maid.jpg?fit=653%2C653&ssl=1\",\"url\":\"https:\\\/\\\/i0.wp.com\\\/www.franziskaruprecht.de\\\/wp-content\\\/uploads\\\/2016\\\/05\\\/Meer-Maid.jpg?fit=653%2C653&ssl=1\",\"contentUrl\":\"https:\\\/\\\/i0.wp.com\\\/www.franziskaruprecht.de\\\/wp-content\\\/uploads\\\/2016\\\/05\\\/Meer-Maid.jpg?fit=653%2C653&ssl=1\",\"width\":653,\"height\":653,\"caption\":\"Franziska Ruprecht\"},\"logo\":{\"@id\":\"https:\\\/\\\/i0.wp.com\\\/www.franziskaruprecht.de\\\/wp-content\\\/uploads\\\/2016\\\/05\\\/Meer-Maid.jpg?fit=653%2C653&ssl=1\"},\"description\":\"Performance Poetin. Autorin der Gedichtb\u00e4nde \u201eBODY TAG\\\" und \u201eMeer-Maid\u201c. Workshop-Leiterin. Performance Poet. Spoken Word Artist. Workshop Instructor. Books: \\\"BODY TAG\\\" (in English) and \\\"Meer-Maid\\\".\",\"sameAs\":[\"http:\\\/\\\/www.franziskaruprecht.de\",\"www.facebook.com\\\/FranziskaPoetrythatglitters\",\"https:\\\/\\\/www.youtube.com\\\/channel\\\/UC3sIEa5PPU5YDbcxeDl_VjQ\",\"https:\\\/\\\/soundcloud.com\\\/franziskaruprecht\"]}]}<\/script>\n<!-- \/ Yoast SEO plugin. -->","yoast_head_json":{"title":"[:de]Presse[:en]Press[:] \u2013 FRANZISKA RUPRECHT","description":"Gesammelte Presseartikel und Links zu Radiosendungen. \/ Find articles and broadcasts about me here.","robots":{"index":"index","follow":"follow","max-snippet":"max-snippet:-1","max-image-preview":"max-image-preview:large","max-video-preview":"max-video-preview:-1"},"canonical":"https:\/\/www.franziskaruprecht.de\/presse\/","og_locale":"en_US","og_type":"article","og_title":"[:de]Presse[:en]Press[:] \u2013 FRANZISKA RUPRECHT","og_description":"Gesammelte Presseartikel und Links zu Radiosendungen. \/ Find articles and broadcasts about me here.","og_url":"https:\/\/www.franziskaruprecht.de\/presse\/","og_site_name":"Franziska Ruprecht","article_publisher":"www.facebook.com\/FranziskaPoetrythatglitters","article_modified_time":"2024-11-08T11:40:42+00:00","og_image":[{"width":1200,"height":600,"url":"https:\/\/www.franziskaruprecht.de\/wp-content\/uploads\/2013\/09\/IMG_4733-1_bw.jpg","type":"image\/jpeg"}],"twitter_misc":{"Est. reading time":"2 minutes"},"schema":{"@context":"https:\/\/schema.org","@graph":[{"@type":"WebPage","@id":"https:\/\/www.franziskaruprecht.de\/presse\/","url":"https:\/\/www.franziskaruprecht.de\/presse\/","name":"[:de]Presse[:en]Press[:] \u2013 FRANZISKA RUPRECHT","isPartOf":{"@id":"https:\/\/www.franziskaruprecht.de\/#website"},"primaryImageOfPage":{"@id":"https:\/\/www.franziskaruprecht.de\/presse\/#primaryimage"},"image":{"@id":"https:\/\/www.franziskaruprecht.de\/presse\/#primaryimage"},"thumbnailUrl":"https:\/\/i0.wp.com\/www.franziskaruprecht.de\/wp-content\/uploads\/2013\/09\/IMG_4733-1_bw.jpg?fit=1200%2C600&ssl=1","datePublished":"2016-08-10T12:29:37+00:00","dateModified":"2024-11-08T11:40:42+00:00","description":"Gesammelte Presseartikel und Links zu Radiosendungen. \/ Find articles and broadcasts about me here.","breadcrumb":{"@id":"https:\/\/www.franziskaruprecht.de\/presse\/#breadcrumb"},"inLanguage":"en-US","potentialAction":[{"@type":"ReadAction","target":["https:\/\/www.franziskaruprecht.de\/presse\/"]}]},{"@type":"ImageObject","inLanguage":"en-US","@id":"https:\/\/www.franziskaruprecht.de\/presse\/#primaryimage","url":"https:\/\/i0.wp.com\/www.franziskaruprecht.de\/wp-content\/uploads\/2013\/09\/IMG_4733-1_bw.jpg?fit=1200%2C600&ssl=1","contentUrl":"https:\/\/i0.wp.com\/www.franziskaruprecht.de\/wp-content\/uploads\/2013\/09\/IMG_4733-1_bw.jpg?fit=1200%2C600&ssl=1","width":1200,"height":600,"caption":"Franziska Ruprecht als \"Unterkatze\" beim Dichtwerkvari\u00e9t\u00e9 im Rationaltheater, am Klavier sitzt Andi Hartmann. Der Glitzervorhang reflektiert das Licht von der Nachttischlampe auf dem Klavier; Franziska tr\u00e4gt eine gl\u00e4nzende Lederhose und eine Katzenmaske auf den Augen, mit dem Mikro in der Hand schl\u00fcpft sie in die Rolle einer Katze. Fotografiert von Kristian Albert."},{"@type":"BreadcrumbList","@id":"https:\/\/www.franziskaruprecht.de\/presse\/#breadcrumb","itemListElement":[{"@type":"ListItem","position":1,"name":"Home","item":"https:\/\/www.franziskaruprecht.de\/"},{"@type":"ListItem","position":2,"name":"Presse"}]},{"@type":"WebSite","@id":"https:\/\/www.franziskaruprecht.de\/#website","url":"https:\/\/www.franziskaruprecht.de\/","name":"Franziska Ruprecht","description":"Poetry that glitters","publisher":{"@id":"https:\/\/www.franziskaruprecht.de\/#\/schema\/person\/1e33916af6bbab0f1e63966c0f7789ec"},"inLanguage":"en-US"},{"@type":["Person","Organization"],"@id":"https:\/\/www.franziskaruprecht.de\/#\/schema\/person\/1e33916af6bbab0f1e63966c0f7789ec","name":"Franziska Ruprecht","image":{"@type":"ImageObject","inLanguage":"en-US","@id":"https:\/\/i0.wp.com\/www.franziskaruprecht.de\/wp-content\/uploads\/2016\/05\/Meer-Maid.jpg?fit=653%2C653&ssl=1","url":"https:\/\/i0.wp.com\/www.franziskaruprecht.de\/wp-content\/uploads\/2016\/05\/Meer-Maid.jpg?fit=653%2C653&ssl=1","contentUrl":"https:\/\/i0.wp.com\/www.franziskaruprecht.de\/wp-content\/uploads\/2016\/05\/Meer-Maid.jpg?fit=653%2C653&ssl=1","width":653,"height":653,"caption":"Franziska Ruprecht"},"logo":{"@id":"https:\/\/i0.wp.com\/www.franziskaruprecht.de\/wp-content\/uploads\/2016\/05\/Meer-Maid.jpg?fit=653%2C653&ssl=1"},"description":"Performance Poetin. Autorin der Gedichtb\u00e4nde \u201eBODY TAG\" und \u201eMeer-Maid\u201c. Workshop-Leiterin. Performance Poet. Spoken Word Artist. Workshop Instructor. Books: \"BODY TAG\" (in English) and \"Meer-Maid\".","sameAs":["http:\/\/www.franziskaruprecht.de","www.facebook.com\/FranziskaPoetrythatglitters","https:\/\/www.youtube.com\/channel\/UC3sIEa5PPU5YDbcxeDl_VjQ","https:\/\/soundcloud.com\/franziskaruprecht"]}]}},"jetpack_sharing_enabled":true,"_links":{"self":[{"href":"https:\/\/www.franziskaruprecht.de\/en\/wp-json\/wp\/v2\/pages\/242","targetHints":{"allow":["GET"]}}],"collection":[{"href":"https:\/\/www.franziskaruprecht.de\/en\/wp-json\/wp\/v2\/pages"}],"about":[{"href":"https:\/\/www.franziskaruprecht.de\/en\/wp-json\/wp\/v2\/types\/page"}],"author":[{"embeddable":true,"href":"https:\/\/www.franziskaruprecht.de\/en\/wp-json\/wp\/v2\/users\/1"}],"replies":[{"embeddable":true,"href":"https:\/\/www.franziskaruprecht.de\/en\/wp-json\/wp\/v2\/comments?post=242"}],"version-history":[{"count":0,"href":"https:\/\/www.franziskaruprecht.de\/en\/wp-json\/wp\/v2\/pages\/242\/revisions"}],"wp:featuredmedia":[{"embeddable":true,"href":"https:\/\/www.franziskaruprecht.de\/en\/wp-json\/wp\/v2\/media\/393"}],"wp:attachment":[{"href":"https:\/\/www.franziskaruprecht.de\/en\/wp-json\/wp\/v2\/media?parent=242"}],"curies":[{"name":"wp","href":"https:\/\/api.w.org\/{rel}","templated":true}]}}