{"id":3259,"date":"2018-01-20T10:56:14","date_gmt":"2018-01-20T09:56:14","guid":{"rendered":"http:\/\/www.franziskaruprecht.de\/?page_id=3259"},"modified":"2024-11-08T12:34:45","modified_gmt":"2024-11-08T11:34:45","slug":"moderatorin","status":"publish","type":"page","link":"https:\/\/www.franziskaruprecht.de\/en\/moderatorin\/","title":{"rendered":"Host"},"content":{"rendered":"<p><\/p>\n<div class=\"eng\">\n<p>You can book me as a host for your cultural <a href=\"https:\/\/www.youtube.com\/watch?v=BcZvPT_vgrc&#038;list=PL_yeTjAupemfiyHZboZYLXsTfeq3yNJJH\" rel=\"noopener noreferrer\" target=\"_blank\">events<\/a>!  I host fluently in English and German, and can help to translate guests from France as well.<br \/>\nMy presenting is based on seven years of work experience at TV, including close collaboration with prestigious German hosts, and a diploma in TV-journalism.<br \/>\nBeyond my work on stage, I am often in charge to conceptualize the events I host. With an overview over current American and German poetry events, seen through the eyes of an artist, organizer, and lecturer, I can guide you in finding the matching concept for your event. <\/p>\n<p>I am the host of a hidden gem, a poetry slam in the outskirts of Munich, in Haimhausen.<br \/>\nOn Munich\u2019s <a href=\"https:\/\/www.youtube.com\/watch?v=4496mSrbTgA&#038;index=1&#038;list=PL_yeTjAupemfiyHZboZYLXsTfeq3yNJJH\" target=\"_blank\" title=\"listen to it on youtube\" rel=\"noopener noreferrer\">Radio Lora<\/a>, I used to volunteer several years to interview an artist in a one hour show (called &#8220;K\u00fcnstlerfragen&#8221;, questions for artists) several times per year.<br \/>\nIn 2012, I presented my own poetic variety show, &#8220;<a href=\"https:\/\/www.youtube.com\/watch?v=uA-5VN1_1Pk&#038;list=PL_yeTjAupemegpVVhqIAauGkMEykSfHMe&#038;index=2\" rel=\"noopener noreferrer\" target=\"_blank\">Dichtwerkvari\u00e9t\u00e9<\/a>&#8221; in Munich\u2019s Rationaltheater, located in the legendary literary and disco district Schwabing. <\/p>\n<blockquote><p>\n&#8220;The flair of 1920s cabaret is definitely second nature to the former poetry and creative writing student. Skillfully, she brings this flair to Munich\u2019s Rationaltheater. It\u2019s simply fun to be guided through the show by charming Franziska in her various costumes. She is the heart of the show and succeeds in drawing a bow through the evening with her disarming charisma.&#8221;<\/p>\n<p>Jan Waizenh\u00f6fer, student radio station M94,5 on Dichtwerkvari\u00e9t\u00e9, 11\/07\/2012\n<\/p><\/blockquote>\n<blockquote><p>\n&#8220;Franziska rejuvenated our program &#8220;K\u00fcnstlerfragen&#8221;. She combined professional preparation with genuine interest in the interviewees. Those received the space to describe their topics and thoughts. Franziska incorporated her background as a performance poet whenever it was beneficial to the audience.&#8221;<\/p>\n<p>Ute Belting, executive secretary Paul Klinger K\u00fcnstlersozialwerk e.V. (artists\u2019 union), 02\/04\/2020\n<\/p><\/blockquote>\n<\/div>\n<p><\/p>","protected":false},"excerpt":{"rendered":"<p>You can book me as a host for your cultural events! I host fluently in English and German, and can help to translate guests from France as well. My presenting is based on seven years of work experience at TV, including close collaboration with prestigious German hosts, and a diploma in TV-journalism. Beyond my work on stage, I am often in charge to conceptualize the events I host. With an overview over current American and German poetry events, seen through the eyes of an artist, organizer, and lecturer, I can guide you in finding the matching concept for your event&#8230;.<\/p>\n","protected":false},"author":1,"featured_media":4445,"parent":0,"menu_order":0,"comment_status":"closed","ping_status":"closed","template":"","meta":{"footnotes":""},"class_list":["post-3259","page","type-page","status-publish","has-post-thumbnail","hentry"],"yoast_head":"<!-- This site is optimized with the Yoast SEO plugin v27.4 - https:\/\/yoast.com\/product\/yoast-seo-wordpress\/ -->\n<title>Host \u2013 FRANZISKA RUPRECHT<\/title>\n<meta name=\"description\" content=\"Als B\u00fchnenpoetin geh\u00f6rt Veranstaltungsmoderation einfach dazu, aber auch nach Berufserfahrung beim TV in diesem Bereich. \/ Hosting of events.\" \/>\n<meta name=\"robots\" content=\"index, follow, max-snippet:-1, max-image-preview:large, max-video-preview:-1\" \/>\n<link rel=\"canonical\" href=\"https:\/\/www.franziskaruprecht.de\/moderatorin\/\" \/>\n<meta property=\"og:locale\" content=\"en_US\" \/>\n<meta property=\"og:type\" content=\"article\" \/>\n<meta property=\"og:title\" content=\"[:de]Moderatorin[:en]Host[:] \u2013 FRANZISKA RUPRECHT\" \/>\n<meta property=\"og:description\" content=\"Als B\u00fchnenpoetin geh\u00f6rt Veranstaltungsmoderation einfach dazu, aber auch nach Berufserfahrung beim TV in diesem Bereich. \/ Hosting of events.\" \/>\n<meta property=\"og:url\" content=\"https:\/\/www.franziskaruprecht.de\/moderatorin\/\" \/>\n<meta property=\"og:site_name\" content=\"Franziska Ruprecht\" \/>\n<meta property=\"article:publisher\" content=\"www.facebook.com\/FranziskaPoetrythatglitters\" \/>\n<meta property=\"article:modified_time\" content=\"2024-11-08T11:34:45+00:00\" \/>\n<meta property=\"og:image\" content=\"https:\/\/www.franziskaruprecht.de\/wp-content\/uploads\/2019\/11\/FRModBWKarinLuebbers.jpeg\" \/>\n\t<meta property=\"og:image:width\" content=\"1593\" \/>\n\t<meta property=\"og:image:height\" content=\"797\" \/>\n\t<meta property=\"og:image:type\" content=\"image\/jpeg\" \/>\n<meta name=\"twitter:label1\" content=\"Est. reading time\" \/>\n\t<meta name=\"twitter:data1\" content=\"2 minutes\" \/>\n<script type=\"application\/ld+json\" class=\"yoast-schema-graph\">{\"@context\":\"https:\\\/\\\/schema.org\",\"@graph\":[{\"@type\":\"WebPage\",\"@id\":\"https:\\\/\\\/www.franziskaruprecht.de\\\/moderatorin\\\/\",\"url\":\"https:\\\/\\\/www.franziskaruprecht.de\\\/moderatorin\\\/\",\"name\":\"[:de]Moderatorin[:en]Host[:] \u2013 FRANZISKA RUPRECHT\",\"isPartOf\":{\"@id\":\"https:\\\/\\\/www.franziskaruprecht.de\\\/#website\"},\"primaryImageOfPage\":{\"@id\":\"https:\\\/\\\/www.franziskaruprecht.de\\\/moderatorin\\\/#primaryimage\"},\"image\":{\"@id\":\"https:\\\/\\\/www.franziskaruprecht.de\\\/moderatorin\\\/#primaryimage\"},\"thumbnailUrl\":\"https:\\\/\\\/i0.wp.com\\\/www.franziskaruprecht.de\\\/wp-content\\\/uploads\\\/2019\\\/11\\\/FRModBWKarinLuebbers.jpeg?fit=1593%2C797&ssl=1\",\"datePublished\":\"2018-01-20T09:56:14+00:00\",\"dateModified\":\"2024-11-08T11:34:45+00:00\",\"description\":\"Als B\u00fchnenpoetin geh\u00f6rt Veranstaltungsmoderation einfach dazu, aber auch nach Berufserfahrung beim TV in diesem Bereich. \\\/ Hosting of events.\",\"breadcrumb\":{\"@id\":\"https:\\\/\\\/www.franziskaruprecht.de\\\/moderatorin\\\/#breadcrumb\"},\"inLanguage\":\"en-US\",\"potentialAction\":[{\"@type\":\"ReadAction\",\"target\":[\"https:\\\/\\\/www.franziskaruprecht.de\\\/moderatorin\\\/\"]}]},{\"@type\":\"ImageObject\",\"inLanguage\":\"en-US\",\"@id\":\"https:\\\/\\\/www.franziskaruprecht.de\\\/moderatorin\\\/#primaryimage\",\"url\":\"https:\\\/\\\/i0.wp.com\\\/www.franziskaruprecht.de\\\/wp-content\\\/uploads\\\/2019\\\/11\\\/FRModBWKarinLuebbers.jpeg?fit=1593%2C797&ssl=1\",\"contentUrl\":\"https:\\\/\\\/i0.wp.com\\\/www.franziskaruprecht.de\\\/wp-content\\\/uploads\\\/2019\\\/11\\\/FRModBWKarinLuebbers.jpeg?fit=1593%2C797&ssl=1\",\"width\":1593,\"height\":797,\"caption\":\"Franziska Ruprecht moderiert eine Veranstaltung, fotografiert von Karin L\u00fcbbers\"},{\"@type\":\"BreadcrumbList\",\"@id\":\"https:\\\/\\\/www.franziskaruprecht.de\\\/moderatorin\\\/#breadcrumb\",\"itemListElement\":[{\"@type\":\"ListItem\",\"position\":1,\"name\":\"Home\",\"item\":\"https:\\\/\\\/www.franziskaruprecht.de\\\/\"},{\"@type\":\"ListItem\",\"position\":2,\"name\":\"Moderatorin\"}]},{\"@type\":\"WebSite\",\"@id\":\"https:\\\/\\\/www.franziskaruprecht.de\\\/#website\",\"url\":\"https:\\\/\\\/www.franziskaruprecht.de\\\/\",\"name\":\"Franziska Ruprecht\",\"description\":\"Poetry that glitters\",\"publisher\":{\"@id\":\"https:\\\/\\\/www.franziskaruprecht.de\\\/#\\\/schema\\\/person\\\/1e33916af6bbab0f1e63966c0f7789ec\"},\"inLanguage\":\"en-US\"},{\"@type\":[\"Person\",\"Organization\"],\"@id\":\"https:\\\/\\\/www.franziskaruprecht.de\\\/#\\\/schema\\\/person\\\/1e33916af6bbab0f1e63966c0f7789ec\",\"name\":\"Franziska Ruprecht\",\"image\":{\"@type\":\"ImageObject\",\"inLanguage\":\"en-US\",\"@id\":\"https:\\\/\\\/i0.wp.com\\\/www.franziskaruprecht.de\\\/wp-content\\\/uploads\\\/2016\\\/05\\\/Meer-Maid.jpg?fit=653%2C653&ssl=1\",\"url\":\"https:\\\/\\\/i0.wp.com\\\/www.franziskaruprecht.de\\\/wp-content\\\/uploads\\\/2016\\\/05\\\/Meer-Maid.jpg?fit=653%2C653&ssl=1\",\"contentUrl\":\"https:\\\/\\\/i0.wp.com\\\/www.franziskaruprecht.de\\\/wp-content\\\/uploads\\\/2016\\\/05\\\/Meer-Maid.jpg?fit=653%2C653&ssl=1\",\"width\":653,\"height\":653,\"caption\":\"Franziska Ruprecht\"},\"logo\":{\"@id\":\"https:\\\/\\\/i0.wp.com\\\/www.franziskaruprecht.de\\\/wp-content\\\/uploads\\\/2016\\\/05\\\/Meer-Maid.jpg?fit=653%2C653&ssl=1\"},\"description\":\"Performance Poetin. Autorin der Gedichtb\u00e4nde \u201eBODY TAG\\\" und \u201eMeer-Maid\u201c. Workshop-Leiterin. Performance Poet. Spoken Word Artist. Workshop Instructor. Books: \\\"BODY TAG\\\" (in English) and \\\"Meer-Maid\\\".\",\"sameAs\":[\"http:\\\/\\\/www.franziskaruprecht.de\",\"www.facebook.com\\\/FranziskaPoetrythatglitters\",\"https:\\\/\\\/www.youtube.com\\\/channel\\\/UC3sIEa5PPU5YDbcxeDl_VjQ\",\"https:\\\/\\\/soundcloud.com\\\/franziskaruprecht\"]}]}<\/script>\n<!-- \/ Yoast SEO plugin. -->","yoast_head_json":{"title":"[:de]Moderatorin[:en]Host[:] \u2013 FRANZISKA RUPRECHT","description":"Als B\u00fchnenpoetin geh\u00f6rt Veranstaltungsmoderation einfach dazu, aber auch nach Berufserfahrung beim TV in diesem Bereich. \/ Hosting of events.","robots":{"index":"index","follow":"follow","max-snippet":"max-snippet:-1","max-image-preview":"max-image-preview:large","max-video-preview":"max-video-preview:-1"},"canonical":"https:\/\/www.franziskaruprecht.de\/moderatorin\/","og_locale":"en_US","og_type":"article","og_title":"[:de]Moderatorin[:en]Host[:] \u2013 FRANZISKA RUPRECHT","og_description":"Als B\u00fchnenpoetin geh\u00f6rt Veranstaltungsmoderation einfach dazu, aber auch nach Berufserfahrung beim TV in diesem Bereich. \/ Hosting of events.","og_url":"https:\/\/www.franziskaruprecht.de\/moderatorin\/","og_site_name":"Franziska Ruprecht","article_publisher":"www.facebook.com\/FranziskaPoetrythatglitters","article_modified_time":"2024-11-08T11:34:45+00:00","og_image":[{"width":1593,"height":797,"url":"https:\/\/www.franziskaruprecht.de\/wp-content\/uploads\/2019\/11\/FRModBWKarinLuebbers.jpeg","type":"image\/jpeg"}],"twitter_misc":{"Est. reading time":"2 minutes"},"schema":{"@context":"https:\/\/schema.org","@graph":[{"@type":"WebPage","@id":"https:\/\/www.franziskaruprecht.de\/moderatorin\/","url":"https:\/\/www.franziskaruprecht.de\/moderatorin\/","name":"[:de]Moderatorin[:en]Host[:] \u2013 FRANZISKA RUPRECHT","isPartOf":{"@id":"https:\/\/www.franziskaruprecht.de\/#website"},"primaryImageOfPage":{"@id":"https:\/\/www.franziskaruprecht.de\/moderatorin\/#primaryimage"},"image":{"@id":"https:\/\/www.franziskaruprecht.de\/moderatorin\/#primaryimage"},"thumbnailUrl":"https:\/\/i0.wp.com\/www.franziskaruprecht.de\/wp-content\/uploads\/2019\/11\/FRModBWKarinLuebbers.jpeg?fit=1593%2C797&ssl=1","datePublished":"2018-01-20T09:56:14+00:00","dateModified":"2024-11-08T11:34:45+00:00","description":"Als B\u00fchnenpoetin geh\u00f6rt Veranstaltungsmoderation einfach dazu, aber auch nach Berufserfahrung beim TV in diesem Bereich. \/ Hosting of events.","breadcrumb":{"@id":"https:\/\/www.franziskaruprecht.de\/moderatorin\/#breadcrumb"},"inLanguage":"en-US","potentialAction":[{"@type":"ReadAction","target":["https:\/\/www.franziskaruprecht.de\/moderatorin\/"]}]},{"@type":"ImageObject","inLanguage":"en-US","@id":"https:\/\/www.franziskaruprecht.de\/moderatorin\/#primaryimage","url":"https:\/\/i0.wp.com\/www.franziskaruprecht.de\/wp-content\/uploads\/2019\/11\/FRModBWKarinLuebbers.jpeg?fit=1593%2C797&ssl=1","contentUrl":"https:\/\/i0.wp.com\/www.franziskaruprecht.de\/wp-content\/uploads\/2019\/11\/FRModBWKarinLuebbers.jpeg?fit=1593%2C797&ssl=1","width":1593,"height":797,"caption":"Franziska Ruprecht moderiert eine Veranstaltung, fotografiert von Karin L\u00fcbbers"},{"@type":"BreadcrumbList","@id":"https:\/\/www.franziskaruprecht.de\/moderatorin\/#breadcrumb","itemListElement":[{"@type":"ListItem","position":1,"name":"Home","item":"https:\/\/www.franziskaruprecht.de\/"},{"@type":"ListItem","position":2,"name":"Moderatorin"}]},{"@type":"WebSite","@id":"https:\/\/www.franziskaruprecht.de\/#website","url":"https:\/\/www.franziskaruprecht.de\/","name":"Franziska Ruprecht","description":"Poetry that glitters","publisher":{"@id":"https:\/\/www.franziskaruprecht.de\/#\/schema\/person\/1e33916af6bbab0f1e63966c0f7789ec"},"inLanguage":"en-US"},{"@type":["Person","Organization"],"@id":"https:\/\/www.franziskaruprecht.de\/#\/schema\/person\/1e33916af6bbab0f1e63966c0f7789ec","name":"Franziska Ruprecht","image":{"@type":"ImageObject","inLanguage":"en-US","@id":"https:\/\/i0.wp.com\/www.franziskaruprecht.de\/wp-content\/uploads\/2016\/05\/Meer-Maid.jpg?fit=653%2C653&ssl=1","url":"https:\/\/i0.wp.com\/www.franziskaruprecht.de\/wp-content\/uploads\/2016\/05\/Meer-Maid.jpg?fit=653%2C653&ssl=1","contentUrl":"https:\/\/i0.wp.com\/www.franziskaruprecht.de\/wp-content\/uploads\/2016\/05\/Meer-Maid.jpg?fit=653%2C653&ssl=1","width":653,"height":653,"caption":"Franziska Ruprecht"},"logo":{"@id":"https:\/\/i0.wp.com\/www.franziskaruprecht.de\/wp-content\/uploads\/2016\/05\/Meer-Maid.jpg?fit=653%2C653&ssl=1"},"description":"Performance Poetin. Autorin der Gedichtb\u00e4nde \u201eBODY TAG\" und \u201eMeer-Maid\u201c. Workshop-Leiterin. Performance Poet. Spoken Word Artist. Workshop Instructor. Books: \"BODY TAG\" (in English) and \"Meer-Maid\".","sameAs":["http:\/\/www.franziskaruprecht.de","www.facebook.com\/FranziskaPoetrythatglitters","https:\/\/www.youtube.com\/channel\/UC3sIEa5PPU5YDbcxeDl_VjQ","https:\/\/soundcloud.com\/franziskaruprecht"]}]}},"jetpack_sharing_enabled":true,"_links":{"self":[{"href":"https:\/\/www.franziskaruprecht.de\/en\/wp-json\/wp\/v2\/pages\/3259","targetHints":{"allow":["GET"]}}],"collection":[{"href":"https:\/\/www.franziskaruprecht.de\/en\/wp-json\/wp\/v2\/pages"}],"about":[{"href":"https:\/\/www.franziskaruprecht.de\/en\/wp-json\/wp\/v2\/types\/page"}],"author":[{"embeddable":true,"href":"https:\/\/www.franziskaruprecht.de\/en\/wp-json\/wp\/v2\/users\/1"}],"replies":[{"embeddable":true,"href":"https:\/\/www.franziskaruprecht.de\/en\/wp-json\/wp\/v2\/comments?post=3259"}],"version-history":[{"count":0,"href":"https:\/\/www.franziskaruprecht.de\/en\/wp-json\/wp\/v2\/pages\/3259\/revisions"}],"wp:featuredmedia":[{"embeddable":true,"href":"https:\/\/www.franziskaruprecht.de\/en\/wp-json\/wp\/v2\/media\/4445"}],"wp:attachment":[{"href":"https:\/\/www.franziskaruprecht.de\/en\/wp-json\/wp\/v2\/media?parent=3259"}],"curies":[{"name":"wp","href":"https:\/\/api.w.org\/{rel}","templated":true}]}}