{"id":57,"date":"2013-08-30T10:10:19","date_gmt":"2013-08-30T10:10:19","guid":{"rendered":"http:\/\/www.franziskaruprecht.de\/?page_id=57"},"modified":"2021-11-05T16:12:41","modified_gmt":"2021-11-05T15:12:41","slug":"impressum","status":"publish","type":"page","link":"https:\/\/www.franziskaruprecht.de\/en\/impressum\/","title":{"rendered":"Disclaimer"},"content":{"rendered":"<p>Responsible for this website and its content:<br \/>\nFranziska Ruprecht<br \/>\npoetry that glitters<br \/>\nJugendstr.9<br \/>\n81667 M\u00fcnchen<\/p>\n<p>mail(at)franziskaruprecht.de<\/p>\n<p>Angaben zur Berufshaftpflichtversicherung:<br \/>\nName und Sitz der Gesellschaft:<br \/>\nMichael Vogel und Markus \u00dcblacker Allianz-Agentur<br \/>\nAm Gangsteig 15<br \/>\n85551 Kirchheim<br \/>\nGeltungsraum der Versicherung: Deutschland<\/p>\n<p>1. Haftung f\u00fcr Inhalte:<\/p>\n<p>Als Diensteanbieter sind wir gem\u00e4\u00df \u00a7 7 Abs.1 TMG f\u00fcr eigene Inhalte auf diesen Seiten nach den allgemeinen Gesetzen verantwortlich. Nach \u00a7\u00a7 8 bis 10 TMG sind wir als Diensteanbieter jedoch nicht verpflichtet, \u00fcbermittelte oder gespeicherte fremde Informationen zu \u00fcberwachen oder nach Umst\u00e4nden zu forschen, die auf eine rechtswidrige T\u00e4tigkeit hinweisen. Verpflichtungen zur Entfernung oder Sperrung der Nutzung von Informationen nach den allgemeinen Gesetzen bleiben hiervon unber\u00fchrt. Eine diesbez\u00fcgliche Haftung ist jedoch erst ab dem Zeitpunkt der Kenntnis einer konkreten Rechtsverletzung m\u00f6glich. Bei Bekanntwerden von entsprechenden Rechtsverletzungen werden wir diese Inhalte umgehend entfernen.<\/p>\n<p>Wir \u00fcbernehmen keinerlei Gew\u00e4hr f\u00fcr die Aktualit\u00e4t, Korrektheit, Vollst\u00e4ndigkeit oder Qualit\u00e4t der bereitgestellten Informationen. Haftungsanspr\u00fcche gegen uns, welche sich auf Sch\u00e4den materieller oder ideeller Art beziehen, die durch die Nutzung oder Nichtnutzung der dargebotenen Informationen bzw. durch die Nutzung fehlerhafter und unvollst\u00e4ndiger Informationen verursacht wurden sind grunds\u00e4tzlich ausgeschlossen, sofern unsererseits kein nachweislich vors\u00e4tzliches oder grob fahrl\u00e4ssiges Verschulden vorliegt. Alle Angebote sind freibleibend und unverbindlich. Wir behalten es uns ausdr\u00fccklich vor, Teile der Seiten oder das gesamte Angebot ohne gesonderte Ank\u00fcndigung zu ver\u00e4ndern, zu erg\u00e4nzen, zu l\u00f6schen oder die Ver\u00f6ffentlichung zeitweise oder endg\u00fcltig einzustellen.<\/p>\n<p>2. Haftung f\u00fcr Links:<\/p>\n<p>Unser Angebot enth\u00e4lt Links zu externen Webseiten Dritter, auf deren Inhalte wir keinen Einfluss haben.<br \/>\nDeshalb k\u00f6nnen wir f\u00fcr diese fremden Inhalte auch keine Gew\u00e4hr \u00fcbernehmen. F\u00fcr die Inhalte der verlinkten Seiten ist stets der jeweilige Anbieter oder Betreiber der Seiten verantwortlich. Die verlinkten Seiten wurden zum Zeitpunkt der Verlinkung auf m\u00f6gliche Rechtsverst\u00f6\u00dfe \u00fcberpr\u00fcft. Rechtswidrige Inhalte waren zum Zeitpunkt der Verlinkung nicht erkennbar. Eine permanente inhaltliche Kontrolle der verlinkten Seiten ist jedoch ohne konkrete Anhaltspunkte einer Rechtsverletzung nicht zumutbar. Bei Bekanntwerden von Rechts-verletzungen werden wir derartige Links umgehend entfernen.<\/p>\n<p>3. Kennzeichenrecht:<\/p>\n<p>Alle innerhalb des Internetangebotes genannten und ggf. durch Dritte gesch\u00fctzten Marken- und Warenzeichen unterliegen uneingeschr\u00e4nkt den Bestimmungen des jeweils g\u00fcltigen Kennzeichenrechts und den Besitz-rechten der jeweiligen eingetragenen Eigent\u00fcmer. Allein aufgrund der blo\u00dfen Nennung ist nicht der Schluss zu ziehen, dass Markenzeichen nicht durch Rechte Dritter gesch\u00fctzt sind! <\/p>\n<p>4. Urheberrecht:<\/p>\n<p>Die durch die Seitenbetreiber erstellten Inhalte und Werke auf diesen Seiten unterliegen dem deutschen Urheberrecht. Die Vervielf\u00e4ltigung, Bearbeitung, Verbreitung und jede Art der Verwertung  von Texten, Fotografien und Grafiken au\u00dferhalb der Grenzen des Urheberrechtes bed\u00fcrfen der schriftlichen Zustimmung der Autorin bzw. des jeweiligen Erstellers. Das hei\u00dft die Fotos auf dieser Webseite sind urheberrechtlich gesch\u00fctzt, genauso die Texte und nat\u00fcrlich die k\u00fcnstlerischen Werke der Autorin. Jegliche Vervielf\u00e4ltigung, Ver\u00f6ffentlichung, Zug\u00e4nglichmachung und Nutzung jedweder Art ist untersagt.<\/p>\n<p>Downloads und Kopien dieser Seite sind f\u00fcr den kommerziellen Gebrauch nicht gestattet.<br \/>\nSoweit die Inhalte auf dieser Seite nicht vom Betreiber erstellt wurden, werden die Urheberrechte Dritter beachtet. Insbesondere werden Inhalte Dritter als solche gekennzeichnet. Sollten Sie trotzdem auf eine Urheber-rechtsverletzung aufmerksam werden, bitten wir um einen entsprechenden Hinweis; gerne geben wir nachtr\u00e4glich ihren Urhebernamen, z.B. bei Fotos an. Alternativ werden wir bei Bekanntwerden von Urheberrechtsverletzungen die entsprechenden Inhalte umgehend entfernen. <\/p>\n<p>5. Rechtswirksamkeit dieses Haftungsausschlusses:<\/p>\n<p>Dieser Haftungsausschluss ist als Teil der Website www.franziskaruprecht.de zu betrachten, von der aus auf diese Seite verwiesen wurde. Sofern Teile oder einzelne Formulierungen dieses Textes der geltenden Rechtslage nicht, nicht mehr oder nicht vollst\u00e4ndig entsprechen sollten, bleiben die \u00fcbrigen Teile des Dokumentes in ihrem Inhalt und ihrer G\u00fcltigkeit davon unber\u00fchrt.<\/p>\n<p>Quelle: e-Recht24.de<\/p>","protected":false},"excerpt":{"rendered":"<p>Responsible for this website and its content: Franziska Ruprecht poetry that glitters Jugendstr.9 81667 M\u00fcnchen mail(at)franziskaruprecht.de Angaben zur Berufshaftpflichtversicherung: Name und Sitz der Gesellschaft: Michael Vogel und Markus \u00dcblacker Allianz-Agentur Am Gangsteig 15 85551 Kirchheim Geltungsraum der Versicherung: Deutschland 1. Haftung f\u00fcr Inhalte: Als Diensteanbieter sind wir gem\u00e4\u00df \u00a7 7 Abs.1 TMG f\u00fcr eigene Inhalte auf diesen Seiten nach den allgemeinen Gesetzen verantwortlich. Nach \u00a7\u00a7 8 bis 10 TMG sind wir als Diensteanbieter jedoch nicht verpflichtet, \u00fcbermittelte oder gespeicherte fremde Informationen zu \u00fcberwachen oder nach Umst\u00e4nden zu forschen, die auf eine rechtswidrige T\u00e4tigkeit hinweisen. Verpflichtungen zur Entfernung oder Sperrung der&#8230;<\/p>\n","protected":false},"author":1,"featured_media":0,"parent":0,"menu_order":0,"comment_status":"closed","ping_status":"closed","template":"","meta":{"footnotes":""},"class_list":["post-57","page","type-page","status-publish","hentry"],"yoast_head":"<!-- This site is optimized with the Yoast SEO plugin v27.6 - https:\/\/yoast.com\/product\/yoast-seo-wordpress\/ -->\n<title>Disclaimer \u2013 FRANZISKA RUPRECHT<\/title>\n<meta name=\"description\" content=\"Performance Poetin (M\u00fcnchen\/Detroit), Gedichte - poetry that glitters, Moderatorin &amp; Sprecherin - host and voice-over artist, willkommen - come to my universe!\" \/>\n<meta name=\"robots\" content=\"noindex, nofollow\" \/>\n<meta property=\"og:locale\" content=\"en_US\" \/>\n<meta property=\"og:type\" content=\"article\" \/>\n<meta property=\"og:title\" content=\"[:de]Impressum[:en]Disclaimer[:] \u2013 FRANZISKA RUPRECHT\" \/>\n<meta property=\"og:description\" content=\"Performance Poetin (M\u00fcnchen\/Detroit), Gedichte - poetry that glitters, Moderatorin &amp; Sprecherin - host and voice-over artist, willkommen - come to my universe!\" \/>\n<meta property=\"og:url\" content=\"https:\/\/www.franziskaruprecht.de\/impressum\/\" \/>\n<meta property=\"og:site_name\" content=\"Franziska Ruprecht\" \/>\n<meta property=\"article:publisher\" content=\"www.facebook.com\/FranziskaPoetrythatglitters\" \/>\n<meta property=\"article:modified_time\" content=\"2021-11-05T15:12:41+00:00\" \/>\n<meta name=\"twitter:label1\" content=\"Est. reading time\" \/>\n\t<meta name=\"twitter:data1\" content=\"6 minutes\" \/>\n<script type=\"application\/ld+json\" class=\"yoast-schema-graph\">{\"@context\":\"https:\\\/\\\/schema.org\",\"@graph\":[{\"@type\":\"WebPage\",\"@id\":\"https:\\\/\\\/www.franziskaruprecht.de\\\/impressum\\\/\",\"url\":\"https:\\\/\\\/www.franziskaruprecht.de\\\/impressum\\\/\",\"name\":\"[:de]Impressum[:en]Disclaimer[:] \u2013 FRANZISKA RUPRECHT\",\"isPartOf\":{\"@id\":\"https:\\\/\\\/www.franziskaruprecht.de\\\/#website\"},\"datePublished\":\"2013-08-30T10:10:19+00:00\",\"dateModified\":\"2021-11-05T15:12:41+00:00\",\"description\":\"Performance Poetin (M\u00fcnchen\\\/Detroit), Gedichte - poetry that glitters, Moderatorin & Sprecherin - host and voice-over artist, willkommen - come to my universe!\",\"breadcrumb\":{\"@id\":\"https:\\\/\\\/www.franziskaruprecht.de\\\/impressum\\\/#breadcrumb\"},\"inLanguage\":\"en-US\",\"potentialAction\":[{\"@type\":\"ReadAction\",\"target\":[\"https:\\\/\\\/www.franziskaruprecht.de\\\/impressum\\\/\"]}]},{\"@type\":\"BreadcrumbList\",\"@id\":\"https:\\\/\\\/www.franziskaruprecht.de\\\/impressum\\\/#breadcrumb\",\"itemListElement\":[{\"@type\":\"ListItem\",\"position\":1,\"name\":\"Home\",\"item\":\"https:\\\/\\\/www.franziskaruprecht.de\\\/\"},{\"@type\":\"ListItem\",\"position\":2,\"name\":\"Impressum\"}]},{\"@type\":\"WebSite\",\"@id\":\"https:\\\/\\\/www.franziskaruprecht.de\\\/#website\",\"url\":\"https:\\\/\\\/www.franziskaruprecht.de\\\/\",\"name\":\"Franziska Ruprecht\",\"description\":\"Poetry that glitters\",\"publisher\":{\"@id\":\"https:\\\/\\\/www.franziskaruprecht.de\\\/#\\\/schema\\\/person\\\/1e33916af6bbab0f1e63966c0f7789ec\"},\"inLanguage\":\"en-US\"},{\"@type\":[\"Person\",\"Organization\"],\"@id\":\"https:\\\/\\\/www.franziskaruprecht.de\\\/#\\\/schema\\\/person\\\/1e33916af6bbab0f1e63966c0f7789ec\",\"name\":\"Franziska Ruprecht\",\"image\":{\"@type\":\"ImageObject\",\"inLanguage\":\"en-US\",\"@id\":\"https:\\\/\\\/i0.wp.com\\\/www.franziskaruprecht.de\\\/wp-content\\\/uploads\\\/2016\\\/05\\\/Meer-Maid.jpg?fit=653%2C653&ssl=1\",\"url\":\"https:\\\/\\\/i0.wp.com\\\/www.franziskaruprecht.de\\\/wp-content\\\/uploads\\\/2016\\\/05\\\/Meer-Maid.jpg?fit=653%2C653&ssl=1\",\"contentUrl\":\"https:\\\/\\\/i0.wp.com\\\/www.franziskaruprecht.de\\\/wp-content\\\/uploads\\\/2016\\\/05\\\/Meer-Maid.jpg?fit=653%2C653&ssl=1\",\"width\":653,\"height\":653,\"caption\":\"Franziska Ruprecht\"},\"logo\":{\"@id\":\"https:\\\/\\\/i0.wp.com\\\/www.franziskaruprecht.de\\\/wp-content\\\/uploads\\\/2016\\\/05\\\/Meer-Maid.jpg?fit=653%2C653&ssl=1\"},\"description\":\"Performance Poetin. Autorin der Gedichtb\u00e4nde \u201eBODY TAG\\\" und \u201eMeer-Maid\u201c. Workshop-Leiterin. Performance Poet. Spoken Word Artist. Workshop Instructor. Books: \\\"BODY TAG\\\" (in English) and \\\"Meer-Maid\\\".\",\"sameAs\":[\"http:\\\/\\\/www.franziskaruprecht.de\",\"www.facebook.com\\\/FranziskaPoetrythatglitters\",\"https:\\\/\\\/www.youtube.com\\\/channel\\\/UC3sIEa5PPU5YDbcxeDl_VjQ\",\"https:\\\/\\\/soundcloud.com\\\/franziskaruprecht\"]}]}<\/script>\n<!-- \/ Yoast SEO plugin. -->","yoast_head_json":{"title":"[:de]Impressum[:en]Disclaimer[:] \u2013 FRANZISKA RUPRECHT","description":"Performance Poetin (M\u00fcnchen\/Detroit), Gedichte - poetry that glitters, Moderatorin & Sprecherin - host and voice-over artist, willkommen - come to my universe!","robots":{"index":"noindex","follow":"nofollow"},"og_locale":"en_US","og_type":"article","og_title":"[:de]Impressum[:en]Disclaimer[:] \u2013 FRANZISKA RUPRECHT","og_description":"Performance Poetin (M\u00fcnchen\/Detroit), Gedichte - poetry that glitters, Moderatorin & Sprecherin - host and voice-over artist, willkommen - come to my universe!","og_url":"https:\/\/www.franziskaruprecht.de\/impressum\/","og_site_name":"Franziska Ruprecht","article_publisher":"www.facebook.com\/FranziskaPoetrythatglitters","article_modified_time":"2021-11-05T15:12:41+00:00","twitter_misc":{"Est. reading time":"6 minutes"},"schema":{"@context":"https:\/\/schema.org","@graph":[{"@type":"WebPage","@id":"https:\/\/www.franziskaruprecht.de\/impressum\/","url":"https:\/\/www.franziskaruprecht.de\/impressum\/","name":"[:de]Impressum[:en]Disclaimer[:] \u2013 FRANZISKA RUPRECHT","isPartOf":{"@id":"https:\/\/www.franziskaruprecht.de\/#website"},"datePublished":"2013-08-30T10:10:19+00:00","dateModified":"2021-11-05T15:12:41+00:00","description":"Performance Poetin (M\u00fcnchen\/Detroit), Gedichte - poetry that glitters, Moderatorin & Sprecherin - host and voice-over artist, willkommen - come to my universe!","breadcrumb":{"@id":"https:\/\/www.franziskaruprecht.de\/impressum\/#breadcrumb"},"inLanguage":"en-US","potentialAction":[{"@type":"ReadAction","target":["https:\/\/www.franziskaruprecht.de\/impressum\/"]}]},{"@type":"BreadcrumbList","@id":"https:\/\/www.franziskaruprecht.de\/impressum\/#breadcrumb","itemListElement":[{"@type":"ListItem","position":1,"name":"Home","item":"https:\/\/www.franziskaruprecht.de\/"},{"@type":"ListItem","position":2,"name":"Impressum"}]},{"@type":"WebSite","@id":"https:\/\/www.franziskaruprecht.de\/#website","url":"https:\/\/www.franziskaruprecht.de\/","name":"Franziska Ruprecht","description":"Poetry that glitters","publisher":{"@id":"https:\/\/www.franziskaruprecht.de\/#\/schema\/person\/1e33916af6bbab0f1e63966c0f7789ec"},"inLanguage":"en-US"},{"@type":["Person","Organization"],"@id":"https:\/\/www.franziskaruprecht.de\/#\/schema\/person\/1e33916af6bbab0f1e63966c0f7789ec","name":"Franziska Ruprecht","image":{"@type":"ImageObject","inLanguage":"en-US","@id":"https:\/\/i0.wp.com\/www.franziskaruprecht.de\/wp-content\/uploads\/2016\/05\/Meer-Maid.jpg?fit=653%2C653&ssl=1","url":"https:\/\/i0.wp.com\/www.franziskaruprecht.de\/wp-content\/uploads\/2016\/05\/Meer-Maid.jpg?fit=653%2C653&ssl=1","contentUrl":"https:\/\/i0.wp.com\/www.franziskaruprecht.de\/wp-content\/uploads\/2016\/05\/Meer-Maid.jpg?fit=653%2C653&ssl=1","width":653,"height":653,"caption":"Franziska Ruprecht"},"logo":{"@id":"https:\/\/i0.wp.com\/www.franziskaruprecht.de\/wp-content\/uploads\/2016\/05\/Meer-Maid.jpg?fit=653%2C653&ssl=1"},"description":"Performance Poetin. Autorin der Gedichtb\u00e4nde \u201eBODY TAG\" und \u201eMeer-Maid\u201c. Workshop-Leiterin. Performance Poet. Spoken Word Artist. Workshop Instructor. Books: \"BODY TAG\" (in English) and \"Meer-Maid\".","sameAs":["http:\/\/www.franziskaruprecht.de","www.facebook.com\/FranziskaPoetrythatglitters","https:\/\/www.youtube.com\/channel\/UC3sIEa5PPU5YDbcxeDl_VjQ","https:\/\/soundcloud.com\/franziskaruprecht"]}]}},"jetpack_sharing_enabled":true,"_links":{"self":[{"href":"https:\/\/www.franziskaruprecht.de\/en\/wp-json\/wp\/v2\/pages\/57","targetHints":{"allow":["GET"]}}],"collection":[{"href":"https:\/\/www.franziskaruprecht.de\/en\/wp-json\/wp\/v2\/pages"}],"about":[{"href":"https:\/\/www.franziskaruprecht.de\/en\/wp-json\/wp\/v2\/types\/page"}],"author":[{"embeddable":true,"href":"https:\/\/www.franziskaruprecht.de\/en\/wp-json\/wp\/v2\/users\/1"}],"replies":[{"embeddable":true,"href":"https:\/\/www.franziskaruprecht.de\/en\/wp-json\/wp\/v2\/comments?post=57"}],"version-history":[{"count":0,"href":"https:\/\/www.franziskaruprecht.de\/en\/wp-json\/wp\/v2\/pages\/57\/revisions"}],"wp:attachment":[{"href":"https:\/\/www.franziskaruprecht.de\/en\/wp-json\/wp\/v2\/media?parent=57"}],"curies":[{"name":"wp","href":"https:\/\/api.w.org\/{rel}","templated":true}]}}